{"id":12955,"date":"2018-06-13T18:06:09","date_gmt":"2018-06-13T16:06:09","guid":{"rendered":"http:\/\/www.cittadellaeditrice.com\/munera\/?page_id=12955"},"modified":"2018-06-13T18:06:09","modified_gmt":"2018-06-13T16:06:09","slug":"munera-22018-carlo-cirotto-identita-sessuale-e-biologia","status":"publish","type":"page","link":"https:\/\/www.cittadellaeditrice.com\/munera\/tutti-gli-articoli\/munera-22018-carlo-cirotto-identita-sessuale-e-biologia\/","title":{"rendered":"Munera 2\/2018 &#8211; Carlo Cirotto &gt;&gt; Identit\u00e0 sessuale e biologia"},"content":{"rendered":"<p>Tra le nozioni fondamentali di biologia, che i docenti di scienze si preoccupano di comunicare ai propri alunni fin dalle prime lezioni, c\u2019\u00e8 l\u2019elenco delle caratteristiche che un oggetto deve avere per essere qualificato come vivo. Uno dei primi posti della lista \u00e8 occupato dalla capacit\u00e0 riproduttiva; se l\u2019oggetto si riproduce, cio\u00e8 mette al mondo figli identici o simili a s\u00e9 stesso, allora \u00e8 quasi certo che sia vivo.<\/p>\n<p>I membri della nostra specie, come tutti gli altri mammiferi, si riproducono per via sessuale e questo fa sorgere in molti la convinzione che riproduzione e sessualit\u00e0 siano sinonimi. In realt\u00e0 i due termini indicano fenomeni diversi e funzionalit\u00e0 altrettanto diverse: il primo si riferisce alla moltiplicazione degli esseri viventi, il secondo alla loro diversificazione. Il primo ha un\u2019accezione pi\u00f9 generale, comprendendo sia la riproduzione che avviene senza l\u2019uso del sesso (riproduzione asessuata) sia quella che avviene attraverso l\u2019atto sessuale (riproduzione sessuata). Il secondo termine non esprime che una delle due modalit\u00e0 della riproduzione.<\/p>\n<p style=\"text-align: center;\"><a title=\"Acquista\" href=\"javascript:formcompra('1892',1);\"><img alt=\"Acquista l'articolo\" src=\"https:\/\/www.cittadellaeditrice.com\/munera\/wp-content\/uploads\/ico_acquista_digitale.jpg\" width=\"54\" height=\"54\" \/><\/a>\n<br \/><a title=\"Acquista\" href=\"javascript:formcompra('1892','1');\"> per continuare a leggere acquista questo articolo<\/a><\/p><p style=\"text-align:center\"><a href=\"https:\/\/www.cittadellaeditrice.com\/digital\/account\/\">Utente biblioteche abbonate: clicca qui \u00bb<\/a><\/p>","protected":false},"excerpt":{"rendered":"<p>Tra le nozioni fondamentali di biologia, che i docenti di scienze si preoccupano di comunicare ai propri alunni fin dalle prime lezioni, c\u2019\u00e8 l\u2019elenco delle caratteristiche che un oggetto deve avere per essere qualificato come&#8230;<\/p>\n","protected":false},"author":2,"featured_media":0,"parent":2840,"menu_order":0,"comment_status":"open","ping_status":"open","template":"","meta":[],"categories":[108],"tags":[409,7,400,401,399,408,174],"_links":{"self":[{"href":"https:\/\/www.cittadellaeditrice.com\/munera\/wp-json\/wp\/v2\/pages\/12955"}],"collection":[{"href":"https:\/\/www.cittadellaeditrice.com\/munera\/wp-json\/wp\/v2\/pages"}],"about":[{"href":"https:\/\/www.cittadellaeditrice.com\/munera\/wp-json\/wp\/v2\/types\/page"}],"author":[{"embeddable":true,"href":"https:\/\/www.cittadellaeditrice.com\/munera\/wp-json\/wp\/v2\/users\/2"}],"replies":[{"embeddable":true,"href":"https:\/\/www.cittadellaeditrice.com\/munera\/wp-json\/wp\/v2\/comments?post=12955"}],"version-history":[{"count":1,"href":"https:\/\/www.cittadellaeditrice.com\/munera\/wp-json\/wp\/v2\/pages\/12955\/revisions"}],"predecessor-version":[{"id":12956,"href":"https:\/\/www.cittadellaeditrice.com\/munera\/wp-json\/wp\/v2\/pages\/12955\/revisions\/12956"}],"up":[{"embeddable":true,"href":"https:\/\/www.cittadellaeditrice.com\/munera\/wp-json\/wp\/v2\/pages\/2840"}],"wp:attachment":[{"href":"https:\/\/www.cittadellaeditrice.com\/munera\/wp-json\/wp\/v2\/media?parent=12955"}],"wp:term":[{"taxonomy":"category","embeddable":true,"href":"https:\/\/www.cittadellaeditrice.com\/munera\/wp-json\/wp\/v2\/categories?post=12955"},{"taxonomy":"post_tag","embeddable":true,"href":"https:\/\/www.cittadellaeditrice.com\/munera\/wp-json\/wp\/v2\/tags?post=12955"}],"curies":[{"name":"wp","href":"https:\/\/api.w.org\/{rel}","templated":true}]}}