{"id":12953,"date":"2018-06-13T18:04:55","date_gmt":"2018-06-13T16:04:55","guid":{"rendered":"http:\/\/www.cittadellaeditrice.com\/munera\/?page_id=12953"},"modified":"2018-06-13T18:04:55","modified_gmt":"2018-06-13T16:04:55","slug":"munera-22018-consuelo-corradi-la-differenza-maschilefemminile-come-invariante-delle-societa-umane","status":"publish","type":"page","link":"https:\/\/www.cittadellaeditrice.com\/munera\/tutti-gli-articoli\/munera-22018-consuelo-corradi-la-differenza-maschilefemminile-come-invariante-delle-societa-umane\/","title":{"rendered":"Munera 2\/2018 &#8211; Consuelo Corradi &gt;&gt; La differenza maschile\/femminile come invariante delle societ\u00e0 umane"},"content":{"rendered":"<p>Descrivere \u00e8 importante, \u00e8 sempre il primo passo nel discernimento dei fenomeni sociali, perch\u00e9 abbiamo bisogno di capire con molta precisione i contorni dei problemi che ci stanno davanti. La sociologia interpreta le forme della societ\u00e0, fa emergere i fenomeni sociali che fanno sempre da tela di sfondo alle vite e alle scelte individuali. Ma descrivere non basta, perch\u00e9 si tratta di un\u2019azione neutra che ci fa restare sulla superficie delle cose, senza andare in profondit\u00e0. La sociologia non \u00e8 una presa d\u2019atto sulla societ\u00e0 contemporanea, ma un\u2019interpretazione di questa. La presa d\u2019atto implica che, per il fatto stesso di esistere, ogni fenomeno sociale sia legittimo, giusto o adeguato, senza curarsi delle conseguenze sociali di questo riconoscimento. E qui \u201csociali\u201d significa: conseguenze per tutti. Il riconoscimento giuridico e sociale di alcune forme di socialit\u00e0 umana comporta conseguenze per tutti, cio\u00e8 anche per coloro che tali forme non praticano o in esse non si riconoscono.<\/p>\n<p>Alcuni cenni storici ci permettono di affrontare con immediatezza la nostra tematica. Pi\u00f9 volte \u00e8 stato ricordato che, in origine, la differenza maschile\/femminile sembra essere una differenza \u201cnaturale\u201d sulla quale viene costruita un\u2019organizzazione \u201csociale\u201d. In un celebre volumetto, Pierre Bourdieu afferma che la divisione naturale dei sessi sembra essere iscritta nell\u2019ordine delle cose e ci appare pertanto normale e naturale, mentre racchiude una visione androcentrica di dominio maschile.<\/p>\n<p>Nelle lingue dove esiste la differenza tra nomi di genere maschile e di genere femminile quasi sempre la parola \u201cuomo\u201d sussume i due e acquista un carattere universale. Per molti secoli, e in tutte le societ\u00e0 umane, la biologia ha determinato la divisione sociale del lavoro: gli uomini avevano preminenza nella sfera pubblica, le donne nella sfera privata; gli uomini seguivano la guerra, il potere, gli affari; le donne seguivano la casa e la prole. Per estensione, il potere degli uomini si esercitava anche come dominio del maschile sul femminile. Fino a un certo momento della storia umana ovunque guardiamo troviamo questa distinzione fondamentale: in Cina, in India, in Giappone, che hanno culture secolari; nel continente africano, nel continente americano, in Oceania, in Europa. Non senza conflitti, la partizione biologica maschio\/femmina e la traduzione di essa in ruoli distinti hanno governato la societ\u00e0.<\/p>\n<p>C\u2019\u00e8 un momento e un luogo in cui questa \u201cnaturalit\u00e0\u201d si rompe. Dove e quando? Il luogo \u00e8 chiaro: l\u2019Europa, cio\u00e8 il continente cristiano.<\/p>\n<p style=\"text-align: center;\"><a title=\"Acquista\" href=\"javascript:formcompra('1891',1);\"><img alt=\"Acquista l'articolo\" src=\"https:\/\/www.cittadellaeditrice.com\/munera\/wp-content\/uploads\/ico_acquista_digitale.jpg\" width=\"54\" height=\"54\" \/><\/a>\n<br \/><a title=\"Acquista\" href=\"javascript:formcompra('1891','1');\"> per continuare a leggere acquista questo articolo<\/a><\/p><p style=\"text-align:center\"><a href=\"https:\/\/www.cittadellaeditrice.com\/digital\/account\/\">Utente biblioteche abbonate: clicca qui \u00bb<\/a><\/p>","protected":false},"excerpt":{"rendered":"<p>Descrivere \u00e8 importante, \u00e8 sempre il primo passo nel discernimento dei fenomeni sociali, perch\u00e9 abbiamo bisogno di capire con molta precisione i contorni dei problemi che ci stanno davanti. La sociologia interpreta le forme della&#8230;<\/p>\n","protected":false},"author":2,"featured_media":0,"parent":2840,"menu_order":0,"comment_status":"open","ping_status":"open","template":"","meta":[],"categories":[406],"tags":[7,400,401,399,407],"_links":{"self":[{"href":"https:\/\/www.cittadellaeditrice.com\/munera\/wp-json\/wp\/v2\/pages\/12953"}],"collection":[{"href":"https:\/\/www.cittadellaeditrice.com\/munera\/wp-json\/wp\/v2\/pages"}],"about":[{"href":"https:\/\/www.cittadellaeditrice.com\/munera\/wp-json\/wp\/v2\/types\/page"}],"author":[{"embeddable":true,"href":"https:\/\/www.cittadellaeditrice.com\/munera\/wp-json\/wp\/v2\/users\/2"}],"replies":[{"embeddable":true,"href":"https:\/\/www.cittadellaeditrice.com\/munera\/wp-json\/wp\/v2\/comments?post=12953"}],"version-history":[{"count":1,"href":"https:\/\/www.cittadellaeditrice.com\/munera\/wp-json\/wp\/v2\/pages\/12953\/revisions"}],"predecessor-version":[{"id":12954,"href":"https:\/\/www.cittadellaeditrice.com\/munera\/wp-json\/wp\/v2\/pages\/12953\/revisions\/12954"}],"up":[{"embeddable":true,"href":"https:\/\/www.cittadellaeditrice.com\/munera\/wp-json\/wp\/v2\/pages\/2840"}],"wp:attachment":[{"href":"https:\/\/www.cittadellaeditrice.com\/munera\/wp-json\/wp\/v2\/media?parent=12953"}],"wp:term":[{"taxonomy":"category","embeddable":true,"href":"https:\/\/www.cittadellaeditrice.com\/munera\/wp-json\/wp\/v2\/categories?post=12953"},{"taxonomy":"post_tag","embeddable":true,"href":"https:\/\/www.cittadellaeditrice.com\/munera\/wp-json\/wp\/v2\/tags?post=12953"}],"curies":[{"name":"wp","href":"https:\/\/api.w.org\/{rel}","templated":true}]}}