{"id":12949,"date":"2018-06-13T18:01:37","date_gmt":"2018-06-13T16:01:37","guid":{"rendered":"http:\/\/www.cittadellaeditrice.com\/munera\/?page_id=12949"},"modified":"2018-06-13T18:01:37","modified_gmt":"2018-06-13T16:01:37","slug":"munera-22018-salvatore-natoli-ogni-essere-onora-il-proprio-germoglio-sulla-differenza-maschilefemminile","status":"publish","type":"page","link":"https:\/\/www.cittadellaeditrice.com\/munera\/tutti-gli-articoli\/munera-22018-salvatore-natoli-ogni-essere-onora-il-proprio-germoglio-sulla-differenza-maschilefemminile\/","title":{"rendered":"Munera 2\/2018 &#8211; Salvatore Natoli &gt;&gt; Ogni essere onora il proprio germoglio. Sulla differenza maschile\/femminile"},"content":{"rendered":"<p>Maschile\/femminile \u00e8 un tema particolarmente importante specie oggi, nel momento in cui si sono sviluppate in misura crescente le \u201cfilosofie della differenza\u201d. Si parla di \u201cappartenenza\u201d e di \u201cidentit\u00e0\u201d. Appartenenza a un genere; ma anche identit\u00e0 individuale e personale e, come tale, singolare e irripetibile. Ora si tratta di vedere in che rapporto stiano la dimensione del genere e la singolarit\u00e0 degli individui. Un tempo la \u201cdifferenza\u201d maschile\/femminile era ritenuta un dato assoluto di natura e prevaleva quindi sull\u2019\u201didentit\u00e0\u201d. Oggi il rapporto pare mutato, e l\u2019identit\u00e0 individuale ha agio sul genere. Ci\u00f2 \u00e8 dovuto al fatto che l\u2019autonomia degli individui \u00e8 cresciuta e con essa l\u2019\u201cinterpretazione\u201d del modo d\u2019essere e sentirsi uomo e donna, svincolati dalla fissit\u00e0 di genere propria della tradizione.<\/p>\n<p style=\"text-align: center;\"><a title=\"Acquista\" href=\"javascript:formcompra('1888',1);\"><img alt=\"Acquista l'articolo\" src=\"https:\/\/www.cittadellaeditrice.com\/munera\/wp-content\/uploads\/ico_acquista_digitale.jpg\" width=\"54\" height=\"54\" \/><\/a>\n<br \/><a title=\"Acquista\" href=\"javascript:formcompra('1888','1');\"> per continuare a leggere acquista questo articolo<\/a><\/p><p style=\"text-align:center\"><a href=\"https:\/\/www.cittadellaeditrice.com\/digital\/account\/\">Utente biblioteche abbonate: clicca qui \u00bb<\/a><\/p>","protected":false},"excerpt":{"rendered":"<p>Maschile\/femminile \u00e8 un tema particolarmente importante specie oggi, nel momento in cui si sono sviluppate in misura crescente le \u201cfilosofie della differenza\u201d. Si parla di \u201cappartenenza\u201d e di \u201cidentit\u00e0\u201d. Appartenenza a un genere; ma anche&#8230;<\/p>\n","protected":false},"author":2,"featured_media":0,"parent":2840,"menu_order":0,"comment_status":"open","ping_status":"open","template":"","meta":[],"categories":[402],"tags":[7,400,15,403,401,399],"_links":{"self":[{"href":"https:\/\/www.cittadellaeditrice.com\/munera\/wp-json\/wp\/v2\/pages\/12949"}],"collection":[{"href":"https:\/\/www.cittadellaeditrice.com\/munera\/wp-json\/wp\/v2\/pages"}],"about":[{"href":"https:\/\/www.cittadellaeditrice.com\/munera\/wp-json\/wp\/v2\/types\/page"}],"author":[{"embeddable":true,"href":"https:\/\/www.cittadellaeditrice.com\/munera\/wp-json\/wp\/v2\/users\/2"}],"replies":[{"embeddable":true,"href":"https:\/\/www.cittadellaeditrice.com\/munera\/wp-json\/wp\/v2\/comments?post=12949"}],"version-history":[{"count":1,"href":"https:\/\/www.cittadellaeditrice.com\/munera\/wp-json\/wp\/v2\/pages\/12949\/revisions"}],"predecessor-version":[{"id":12950,"href":"https:\/\/www.cittadellaeditrice.com\/munera\/wp-json\/wp\/v2\/pages\/12949\/revisions\/12950"}],"up":[{"embeddable":true,"href":"https:\/\/www.cittadellaeditrice.com\/munera\/wp-json\/wp\/v2\/pages\/2840"}],"wp:attachment":[{"href":"https:\/\/www.cittadellaeditrice.com\/munera\/wp-json\/wp\/v2\/media?parent=12949"}],"wp:term":[{"taxonomy":"category","embeddable":true,"href":"https:\/\/www.cittadellaeditrice.com\/munera\/wp-json\/wp\/v2\/categories?post=12949"},{"taxonomy":"post_tag","embeddable":true,"href":"https:\/\/www.cittadellaeditrice.com\/munera\/wp-json\/wp\/v2\/tags?post=12949"}],"curies":[{"name":"wp","href":"https:\/\/api.w.org\/{rel}","templated":true}]}}