{"id":12586,"date":"2018-02-12T09:40:42","date_gmt":"2018-02-12T08:40:42","guid":{"rendered":"http:\/\/www.cittadellaeditrice.com\/munera\/?page_id=12586"},"modified":"2018-02-12T09:40:42","modified_gmt":"2018-02-12T08:40:42","slug":"munera-12018-segnalibro","status":"publish","type":"page","link":"https:\/\/www.cittadellaeditrice.com\/munera\/tutti-gli-articoli\/munera-12018-segnalibro\/","title":{"rendered":"Munera 1\/2018 &#8211; Segnalibro"},"content":{"rendered":"<p>FRAN\u00c7OIS OST, \u00c0 quoi sert le droit ? Usages, fonctions, finalit\u00e9s, Bruylant, Bruxelles 2016, pp. 570 [<a href=\"http:\/\/www.cittadellaeditrice.com\/munera\/stefano-biancu\/\">Stefano Biancu<\/a>]<\/p>\n<p>THIERRY MAGNIN, Penser l\u2019humain au temps de l\u2019homme augment\u00e9. Face aux d\u00e9fis du transhumanisme, Albin Michel, Paris 2017, pp. 296 [<a href=\"http:\/\/www.cittadellaeditrice.com\/munera\/stefano-biancu\/\">Stefano Biancu<\/a>]<\/p>\n<p>PHILIPPE SANDS, La strada verso est, Guanda, Milano 2017, pp. 445 (ed.or. East West Street. On the Origins of Genocide and Crimes against Humanity, Alfred A. Knopf, New York 2016) [<a href=\"http:\/\/www.cittadellaeditrice.com\/munera\/giuseppe-gario\/\">Giuseppe Gario<\/a>]<\/p>\n<p style=\"text-align: center;\"><a href=\"http:\/\/www.cittadellaeditrice.com\/munera\/wp-content\/uploads\/2018-1_Munera_123-128_Segnalibro.pdf\" target=\"_blank\"><img decoding=\"async\" loading=\"lazy\" class=\"aligncenter\" alt=\"Scarica l'articolo gratuitamente\" src=\"http:\/\/www.cittadellaeditrice.com\/munera\/wp-content\/uploads\/ico_acquista_abbdigitale.jpg\" width=\"54\" height=\"54\" \/>per continuare a leggere scarica questo articolo gratuitamente<\/a><\/p>\n","protected":false},"excerpt":{"rendered":"<p>FRAN\u00c7OIS OST, \u00c0 quoi sert le droit ? Usages, fonctions, finalit\u00e9s, Bruylant, Bruxelles 2016, pp. 570 [Stefano Biancu] THIERRY MAGNIN, Penser l\u2019humain au temps de l\u2019homme augment\u00e9. Face aux d\u00e9fis du transhumanisme, Albin Michel, Paris&#8230;<\/p>\n","protected":false},"author":1,"featured_media":0,"parent":2840,"menu_order":0,"comment_status":"open","ping_status":"open","template":"","meta":[],"categories":[],"tags":[],"_links":{"self":[{"href":"https:\/\/www.cittadellaeditrice.com\/munera\/wp-json\/wp\/v2\/pages\/12586"}],"collection":[{"href":"https:\/\/www.cittadellaeditrice.com\/munera\/wp-json\/wp\/v2\/pages"}],"about":[{"href":"https:\/\/www.cittadellaeditrice.com\/munera\/wp-json\/wp\/v2\/types\/page"}],"author":[{"embeddable":true,"href":"https:\/\/www.cittadellaeditrice.com\/munera\/wp-json\/wp\/v2\/users\/1"}],"replies":[{"embeddable":true,"href":"https:\/\/www.cittadellaeditrice.com\/munera\/wp-json\/wp\/v2\/comments?post=12586"}],"version-history":[{"count":1,"href":"https:\/\/www.cittadellaeditrice.com\/munera\/wp-json\/wp\/v2\/pages\/12586\/revisions"}],"predecessor-version":[{"id":12588,"href":"https:\/\/www.cittadellaeditrice.com\/munera\/wp-json\/wp\/v2\/pages\/12586\/revisions\/12588"}],"up":[{"embeddable":true,"href":"https:\/\/www.cittadellaeditrice.com\/munera\/wp-json\/wp\/v2\/pages\/2840"}],"wp:attachment":[{"href":"https:\/\/www.cittadellaeditrice.com\/munera\/wp-json\/wp\/v2\/media?parent=12586"}],"wp:term":[{"taxonomy":"category","embeddable":true,"href":"https:\/\/www.cittadellaeditrice.com\/munera\/wp-json\/wp\/v2\/categories?post=12586"},{"taxonomy":"post_tag","embeddable":true,"href":"https:\/\/www.cittadellaeditrice.com\/munera\/wp-json\/wp\/v2\/tags?post=12586"}],"curies":[{"name":"wp","href":"https:\/\/api.w.org\/{rel}","templated":true}]}}