{"id":12582,"date":"2018-02-12T09:36:02","date_gmt":"2018-02-12T08:36:02","guid":{"rendered":"http:\/\/www.cittadellaeditrice.com\/munera\/?page_id=12582"},"modified":"2018-02-12T09:36:02","modified_gmt":"2018-02-12T08:36:02","slug":"munera-12018-luisa-muraro-il-sessantotto-cinquantanni-dopo","status":"publish","type":"page","link":"https:\/\/www.cittadellaeditrice.com\/munera\/tutti-gli-articoli\/munera-12018-luisa-muraro-il-sessantotto-cinquantanni-dopo\/","title":{"rendered":"Munera 1\/2018 &#8211; Luisa Muraro &gt;&gt; Il Sessantotto, cinquant\u2019anni dopo"},"content":{"rendered":"<p>Scoraggiata dalla scarsa attenzione degli operai che entravano e uscivano sempre di corsa, imbarazzata dallo stare alle porte delle fabbriche con il mio pacco di volantini, avevo detto alla mia amica che mi aveva portato l\u00ec: \u00abla propaganda per la pace nel Vietnam andiamo a farla nelle universit\u00e0\u00bb. \u00abSarebbe tempo perso\u00bb mi rispose \u00abgli studenti, i pi\u00f9 sono borghesi, gli altri hanno preso quella mentalit\u00e0\u00bb. Ed ecco che meno di un anno dopo, esplose la rivolta degli studenti, il cosiddetto Sessantotto, in Italia e in mezzo mondo.<\/p>\n<p>La serie dei grandi eventi imprevisti \u00e8 continuata. Ma il \u201968 ha avuto qualcosa di speciale ed \u00e8 che prese quasi subito la forma della promessa di realizzazione di un sogno che c\u2019era da prima, quello di una rivoluzione comunista o socialista. La rivoluzione era il sogno di alcuni, non di tutti. Io non lo avevo ma l\u2019ho fatto mio, liberamente, come tanti altri. Cos\u00ec il \u201968 divent\u00f2 un\u2019autorizzazione a desiderare di pi\u00f9 e di meglio, e una specie di grande sogno in espansione: quello di cambiare il mondo.<\/p>\n<p>Ora il sogno \u00e8 morto e sepolto. Il mondo sta cambiando enormemente ma fa tutto da solo, per quel che risulta ai pi\u00f9. C\u2019\u00e8 chi ha avanzato il sospetto che il \u201868 sia stato sepolto senza prima aver fatto l\u2019autopsia per sapere di che cosa \u00e8 morto. Sono pienamente d\u2019accordo. Penso che, a un\u2019analisi critica pi\u00f9 approfondita, sarebbero emerse alcune verit\u00e0 che mancano all\u2019appello del nostro presente. In conseguenza di questa mancanza noi dovremmo contentarci di vivere e di morire in un\u2019epoca dal nome decisamente ridicolo: la postmodernit\u00e0.<\/p>\n<p>La vicenda del morto \u201968 si \u00e8 lasciata dietro una scia di indizi. Pi\u00f9 che un bilancio, forse, si pu\u00f2 ancora fare un\u2019inchiesta.<\/p>\n<p style=\"text-align: center;\"><a title=\"Acquista\" href=\"javascript:formcompra('1618',1);\"><img alt=\"Acquista l'articolo\" src=\"https:\/\/www.cittadellaeditrice.com\/munera\/wp-content\/uploads\/ico_acquista_digitale.jpg\" width=\"54\" height=\"54\" \/><\/a>\n<br \/><a title=\"Acquista\" href=\"javascript:formcompra('1618','1');\"> per continuare a leggere acquista questo articolo<\/a><\/p><p style=\"text-align:center\"><a href=\"https:\/\/www.cittadellaeditrice.com\/digital\/account\/\">Utente biblioteche abbonate: clicca qui \u00bb<\/a><\/p>","protected":false},"excerpt":{"rendered":"<p>Scoraggiata dalla scarsa attenzione degli operai che entravano e uscivano sempre di corsa, imbarazzata dallo stare alle porte delle fabbriche con il mio pacco di volantini, avevo detto alla mia amica che mi aveva portato&#8230;<\/p>\n","protected":false},"author":1,"featured_media":0,"parent":2840,"menu_order":0,"comment_status":"open","ping_status":"open","template":"","meta":[],"categories":[382],"tags":[383],"_links":{"self":[{"href":"https:\/\/www.cittadellaeditrice.com\/munera\/wp-json\/wp\/v2\/pages\/12582"}],"collection":[{"href":"https:\/\/www.cittadellaeditrice.com\/munera\/wp-json\/wp\/v2\/pages"}],"about":[{"href":"https:\/\/www.cittadellaeditrice.com\/munera\/wp-json\/wp\/v2\/types\/page"}],"author":[{"embeddable":true,"href":"https:\/\/www.cittadellaeditrice.com\/munera\/wp-json\/wp\/v2\/users\/1"}],"replies":[{"embeddable":true,"href":"https:\/\/www.cittadellaeditrice.com\/munera\/wp-json\/wp\/v2\/comments?post=12582"}],"version-history":[{"count":1,"href":"https:\/\/www.cittadellaeditrice.com\/munera\/wp-json\/wp\/v2\/pages\/12582\/revisions"}],"predecessor-version":[{"id":12583,"href":"https:\/\/www.cittadellaeditrice.com\/munera\/wp-json\/wp\/v2\/pages\/12582\/revisions\/12583"}],"up":[{"embeddable":true,"href":"https:\/\/www.cittadellaeditrice.com\/munera\/wp-json\/wp\/v2\/pages\/2840"}],"wp:attachment":[{"href":"https:\/\/www.cittadellaeditrice.com\/munera\/wp-json\/wp\/v2\/media?parent=12582"}],"wp:term":[{"taxonomy":"category","embeddable":true,"href":"https:\/\/www.cittadellaeditrice.com\/munera\/wp-json\/wp\/v2\/categories?post=12582"},{"taxonomy":"post_tag","embeddable":true,"href":"https:\/\/www.cittadellaeditrice.com\/munera\/wp-json\/wp\/v2\/tags?post=12582"}],"curies":[{"name":"wp","href":"https:\/\/api.w.org\/{rel}","templated":true}]}}