{"id":12580,"date":"2018-02-12T09:34:57","date_gmt":"2018-02-12T08:34:57","guid":{"rendered":"http:\/\/www.cittadellaeditrice.com\/munera\/?page_id=12580"},"modified":"2018-02-12T09:34:57","modified_gmt":"2018-02-12T08:34:57","slug":"munera-12018-giuseppe-tognon-la-politica-e-insegnabile-a-proposito-del-desiderio-di-vivere-fino-in-fondo","status":"publish","type":"page","link":"https:\/\/www.cittadellaeditrice.com\/munera\/tutti-gli-articoli\/munera-12018-giuseppe-tognon-la-politica-e-insegnabile-a-proposito-del-desiderio-di-vivere-fino-in-fondo\/","title":{"rendered":"Munera 1\/2018 &#8211; Giuseppe Tognon &gt;&gt; La politica \u00e8 insegnabile? A proposito del desiderio di vivere fino in fondo"},"content":{"rendered":"<p>Insegnare la politica equivale a insegnare a vivere \u201cfino in fondo\u201d, per gli altri oltre che per s\u00e9 stessi. Come \u00e8 sempre stato, ma oggi pi\u00f9 che mai, per due ragioni: perch\u00e9 la realt\u00e0 politica ha ormai oltrepassato i limiti faticosamente stabiliti dalla \u201cscienza politica\u201d (disciplina abbastanza recente) e perch\u00e9 l\u2019assenza di una buona qualit\u00e0 politica delle nostre democrazie mette a nudo la crisi ideale dell\u2019uomo contemporaneo. Viviamo la contraddizione di una democrazia \u201cmaleducata\u201d, senza onore, che si \u00e8 \u201csecolarizzata\u201d fino in fondo, adottando schemi di comportamento personali brutali (tradimenti, calunnie, menzogne\u2026) e comportamenti pubblici non adatti alla funzione delle istituzioni: la personalizzazione dei partiti, l\u2019apologia del capo, l\u2019arroganza di leadership economiche o mediatiche, lo smantellamento degli ambiti intermedi tra lo Stato e gli individui.<\/p>\n<p>Per molti studiosi la crisi dell\u2019educazione politica \u00e8 addirittura il sintomo della \u201cfine della politica\u201d e di un\u2019intera epoca storica, sancita dal fatto \u2013 gravissimo per le democrazie liberali \u2013 che rappresentanti politici di scarsa qualit\u00e0 umana, anche tra coloro che si presentano come duri e puri, anzich\u00e9 difendere la loro libert\u00e0 di eletti accettano tranquillamente la servit\u00f9 di mandato e si adeguano alla volont\u00e0 dei capi. Non stupisce dunque vedere che la crisi dell\u2019educazione politica tradizionale \u00e8 considerata quasi irreversibile. Chi si ostina a istituire \u201cscuole di politica\u201d, o a concepire moduli di formazione per i giovani sul modello universitario, fa una cosa meritoria ma appare un sopravvissuto. L\u2019opinione corrente \u00e8 che per avere successo in politica i metodi siano altri e che il mercato politico si domini con la comunicazione, con il denaro e con alleanze tra interessi potenti.<\/p>\n<p>Gli intellettuali hanno avuto le loro responsabilit\u00e0. Sono caduti nella trappola di dare della politica un\u2019interpretazione tutto sommato asettica e razionale o hanno preferito invocare una visione neo-romantica e baldanzosa del potere che ha prodotto pi\u00f9 frustrazioni che vantaggi. Un eccesso di cultura rispetto alle dinamiche elementari della vita umana ha fatto perdere di vista le radici profonde del bisogno di politica.<\/p>\n<p style=\"text-align: center;\"><a title=\"Acquista\" href=\"javascript:formcompra('1617',1);\"><img alt=\"Acquista l'articolo\" src=\"https:\/\/www.cittadellaeditrice.com\/munera\/wp-content\/uploads\/ico_acquista_digitale.jpg\" width=\"54\" height=\"54\" \/><\/a>\n<br \/><a title=\"Acquista\" href=\"javascript:formcompra('1617','1');\"> per continuare a leggere acquista questo articolo<\/a><\/p><p style=\"text-align:center\"><a href=\"https:\/\/www.cittadellaeditrice.com\/digital\/account\/\">Utente biblioteche abbonate: clicca qui \u00bb<\/a><\/p>","protected":false},"excerpt":{"rendered":"<p>Insegnare la politica equivale a insegnare a vivere \u201cfino in fondo\u201d, per gli altri oltre che per s\u00e9 stessi. Come \u00e8 sempre stato, ma oggi pi\u00f9 che mai, per due ragioni: perch\u00e9 la realt\u00e0 politica&#8230;<\/p>\n","protected":false},"author":1,"featured_media":0,"parent":2840,"menu_order":0,"comment_status":"open","ping_status":"open","template":"","meta":[],"categories":[90],"tags":[381,334],"_links":{"self":[{"href":"https:\/\/www.cittadellaeditrice.com\/munera\/wp-json\/wp\/v2\/pages\/12580"}],"collection":[{"href":"https:\/\/www.cittadellaeditrice.com\/munera\/wp-json\/wp\/v2\/pages"}],"about":[{"href":"https:\/\/www.cittadellaeditrice.com\/munera\/wp-json\/wp\/v2\/types\/page"}],"author":[{"embeddable":true,"href":"https:\/\/www.cittadellaeditrice.com\/munera\/wp-json\/wp\/v2\/users\/1"}],"replies":[{"embeddable":true,"href":"https:\/\/www.cittadellaeditrice.com\/munera\/wp-json\/wp\/v2\/comments?post=12580"}],"version-history":[{"count":1,"href":"https:\/\/www.cittadellaeditrice.com\/munera\/wp-json\/wp\/v2\/pages\/12580\/revisions"}],"predecessor-version":[{"id":12581,"href":"https:\/\/www.cittadellaeditrice.com\/munera\/wp-json\/wp\/v2\/pages\/12580\/revisions\/12581"}],"up":[{"embeddable":true,"href":"https:\/\/www.cittadellaeditrice.com\/munera\/wp-json\/wp\/v2\/pages\/2840"}],"wp:attachment":[{"href":"https:\/\/www.cittadellaeditrice.com\/munera\/wp-json\/wp\/v2\/media?parent=12580"}],"wp:term":[{"taxonomy":"category","embeddable":true,"href":"https:\/\/www.cittadellaeditrice.com\/munera\/wp-json\/wp\/v2\/categories?post=12580"},{"taxonomy":"post_tag","embeddable":true,"href":"https:\/\/www.cittadellaeditrice.com\/munera\/wp-json\/wp\/v2\/tags?post=12580"}],"curies":[{"name":"wp","href":"https:\/\/api.w.org\/{rel}","templated":true}]}}