{"id":12574,"date":"2018-02-12T09:32:03","date_gmt":"2018-02-12T08:32:03","guid":{"rendered":"http:\/\/www.cittadellaeditrice.com\/munera\/?page_id=12574"},"modified":"2018-02-12T09:32:03","modified_gmt":"2018-02-12T08:32:03","slug":"munera-12018-marina-di-lello-finuoli-la-destinazione-a-fini-sociali-dei-beni-confiscati-alla-criminalita-organizzata","status":"publish","type":"page","link":"https:\/\/www.cittadellaeditrice.com\/munera\/tutti-gli-articoli\/munera-12018-marina-di-lello-finuoli-la-destinazione-a-fini-sociali-dei-beni-confiscati-alla-criminalita-organizzata\/","title":{"rendered":"Munera 1\/2018 &#8211; Marina Di Lello Finuoli &gt;&gt; La destinazione a fini sociali dei beni confiscati alla criminalit\u00e0 organizzata"},"content":{"rendered":"<p>\u00abUna rapida destinazione dei beni immobili improduttivi o costituiti in azienda ed una effettiva destinazione a fini sociali od istituzionali dei profitti derivanti da attivit\u00e0 illecite costituiranno un beneficio inestimabile per le comunit\u00e0 sul cui territorio le attivit\u00e0 illecite si sono dispiegate. Oltre a ci\u00f2, scomparir\u00e0 o si attenuer\u00e0 di molto il valore simbolico negativo di un potere mafioso, a volte intoccabile anche dopo una pronuncia dell\u2019autorit\u00e0 giudiziaria, costituito da aziende, complessi immobiliari, ed altri beni, confiscati, mai utilizzati e lasciati deteriorare a fronte di una carenza cronica di sedi istituzionali, di aule scolastiche, di case, di centri sociali ed altro\u00bb.<\/p>\n<p>La citazione posta all\u2019inizio del presente contributo riporta le parole con cui i promotori dell\u2019atto C 1778 sintetizzano le finalit\u00e0 della legge 7 marzo 1996, n. 109: Disposizioni in materia di gestione e destinazione di beni sequestrati o confiscati. Approvata dalla Commissione Giustizia in sede deliberante in tempi e condizioni straordinarie, a legislatura gi\u00e0 finita, la legge \u00e8 il frutto della lungimirante intuizione dei parlamentari firmatari e della mobilitazione promossa dall\u2019associazione Libera, che raccolse oltre un milione di firme a sostegno della proposta depositata in Parlamento.<\/p>\n<p>La legge sulla destinazione dei beni, oggi trasposta nel decreto legislativo del 6 settembre 2011, n. 159 (c.d. codice antimafia), afferma un principio \u201cnuovo\u201d, che d\u00e0 atto del significato della confisca dei patrimoni illecitamente accumulati dalle associazioni criminali: la \u201crestituzione\u201d dei beni alla collettivit\u00e0.<\/p>\n<p style=\"text-align: center;\"><a title=\"Acquista\" href=\"javascript:formcompra('1614',1);\"><img alt=\"Acquista l'articolo\" src=\"https:\/\/www.cittadellaeditrice.com\/munera\/wp-content\/uploads\/ico_acquista_digitale.jpg\" width=\"54\" height=\"54\" \/><\/a>\n<br \/><a title=\"Acquista\" href=\"javascript:formcompra('1614','1');\"> per continuare a leggere acquista questo articolo<\/a><\/p><p style=\"text-align:center\"><a href=\"https:\/\/www.cittadellaeditrice.com\/digital\/account\/\">Utente biblioteche abbonate: clicca qui \u00bb<\/a><\/p>","protected":false},"excerpt":{"rendered":"<p>\u00abUna rapida destinazione dei beni immobili improduttivi o costituiti in azienda ed una effettiva destinazione a fini sociali od istituzionali dei profitti derivanti da attivit\u00e0 illecite costituiranno un beneficio inestimabile per le comunit\u00e0 sul cui&#8230;<\/p>\n","protected":false},"author":1,"featured_media":0,"parent":2840,"menu_order":0,"comment_status":"open","ping_status":"open","template":"","meta":[],"categories":[376],"tags":[367,128,5],"_links":{"self":[{"href":"https:\/\/www.cittadellaeditrice.com\/munera\/wp-json\/wp\/v2\/pages\/12574"}],"collection":[{"href":"https:\/\/www.cittadellaeditrice.com\/munera\/wp-json\/wp\/v2\/pages"}],"about":[{"href":"https:\/\/www.cittadellaeditrice.com\/munera\/wp-json\/wp\/v2\/types\/page"}],"author":[{"embeddable":true,"href":"https:\/\/www.cittadellaeditrice.com\/munera\/wp-json\/wp\/v2\/users\/1"}],"replies":[{"embeddable":true,"href":"https:\/\/www.cittadellaeditrice.com\/munera\/wp-json\/wp\/v2\/comments?post=12574"}],"version-history":[{"count":1,"href":"https:\/\/www.cittadellaeditrice.com\/munera\/wp-json\/wp\/v2\/pages\/12574\/revisions"}],"predecessor-version":[{"id":12575,"href":"https:\/\/www.cittadellaeditrice.com\/munera\/wp-json\/wp\/v2\/pages\/12574\/revisions\/12575"}],"up":[{"embeddable":true,"href":"https:\/\/www.cittadellaeditrice.com\/munera\/wp-json\/wp\/v2\/pages\/2840"}],"wp:attachment":[{"href":"https:\/\/www.cittadellaeditrice.com\/munera\/wp-json\/wp\/v2\/media?parent=12574"}],"wp:term":[{"taxonomy":"category","embeddable":true,"href":"https:\/\/www.cittadellaeditrice.com\/munera\/wp-json\/wp\/v2\/categories?post=12574"},{"taxonomy":"post_tag","embeddable":true,"href":"https:\/\/www.cittadellaeditrice.com\/munera\/wp-json\/wp\/v2\/tags?post=12574"}],"curies":[{"name":"wp","href":"https:\/\/api.w.org\/{rel}","templated":true}]}}