{"id":12570,"date":"2018-02-12T09:28:43","date_gmt":"2018-02-12T08:28:43","guid":{"rendered":"http:\/\/www.cittadellaeditrice.com\/munera\/?page_id=12570"},"modified":"2018-02-12T09:28:43","modified_gmt":"2018-02-12T08:28:43","slug":"munera-12018-vincenzo-rosito-i-movimenti-popolari-tra-teologia-e-filosofia-sociale","status":"publish","type":"page","link":"https:\/\/www.cittadellaeditrice.com\/munera\/tutti-gli-articoli\/munera-12018-vincenzo-rosito-i-movimenti-popolari-tra-teologia-e-filosofia-sociale\/","title":{"rendered":"Munera 1\/2018 &#8211; Vincenzo Rosito &gt;&gt; I movimenti popolari, tra teologia e filosofia sociale"},"content":{"rendered":"<p>Negli ultimi anni il concetto teologico e filosofico di \u201cpopolo\u201d ha motivato inediti dibattiti e ispirato molteplici riflessioni teoriche. Il popolo sembra essere tornato a occupare un posto di rilievo, sia nelle discussioni accademiche sia nella quotidianit\u00e0 del linguaggio mediatico. Proprio nella comunicazione ordinaria si pu\u00f2 constatare il frequente ricorso a questo termine per indicare nuove entit\u00e0 collettive: si pensi a espressioni quali \u201cpopolo di internet\u201d o \u201cpopolo dei consumatori\u201d. Non passano inosservate neanche le degenerazioni semantiche del temine: \u00e8 il caso del \u201cpopulismo\u201d, fenomeno con cui sempre pi\u00f9 spesso, talvolta in modo impreciso e generico, vengono identificate le disfunzioni della rappresentanza e della partecipazione politica nell\u2019era postdemocratica.<\/p>\n<p>La ritrovata attenzione per ci\u00f2 che il \u201cpopolo\u201d e il \u201cpopolare\u201d designano non pu\u00f2 essere disgiunta da un\u2019analisi della liberalizzazione e della depoliticizzazione che sta interessando questi due termini. L\u2019aggettivo \u201cpopolare\u201d viene oggi applicato a un numero crescente di fenomeni e di movimenti proprio perch\u00e9, nel corso degli ultimi decenni, \u00e8 stato in gran parte privato tanto delle implicazioni politiche, quanto delle contaminazioni ideologiche novecentesche. Il \u201cpopolo\u201d quale autonomo soggetto collettivo, pur non rimandando principalmente o esclusivamente a una precisa identit\u00e0 politica o nazionale, viene oggi caricato di numerosi significati sociali. Per questa ragione \u00e8 necessario orientarsi nei processi che hanno portato alla diversificazione dell\u2019idea di popolo, al fine di scorgerne le accezioni feconde e le implicazioni utili per la lettura del tempo presente.<\/p>\n<p>Anche l\u2019attualit\u00e0 ecclesiale e la recente riflessione teologica registrano nuovi e interessanti impieghi dell\u2019idea di popolo. Si pensi, nel primo caso, al costante dialogo che papa Francesco ha intrattenuto fin dall\u2019inizio del suo pontificato con i movimenti popolari.\u00a0 Sul versante teologico invece si pu\u00f2 osservare una ritrovata e diffusa attenzione nei confronti del popolo soprattutto a causa dell\u2019approfondimento di alcuni temi ecclesiologici conciliari e postconciliari, ma anche in virt\u00f9 della necessit\u00e0 di approfondire l\u2019attualit\u00e0 pastorale e magisteriale della Chiesa alla luce del paradigma della \u201cteologia del popolo\u201d.<\/p>\n<p>Questo saggio vuole essere un contributo interpretativo e propositivo nell\u2019ambito degli usi contemporanei del temine \u201cpopolo\u201d e dei processi sociali di attribuzione dell\u2019aggettivo \u201cpopolare\u201d. Per questa ragione verr\u00e0 favorito, nelle pagine seguenti, un pi\u00f9 attento e fecondo dialogo tra gli sviluppi pi\u00f9 recenti dell\u2019insegnamento sociale della Chiesa e le questioni emergenti nel campo della filosofia sociale contemporanea. Promuovere uno scambio approfondito e intelligente tra questi due versanti disciplinari \u00e8 un\u2019opera quanto mai necessaria e impellente per proporre modelli alternativi all\u2019addomesticamento economicistico dei popoli e dei movimenti popolari.<\/p>\n<p style=\"text-align: center;\"><a title=\"Acquista\" href=\"javascript:formcompra('1611',1);\"><img alt=\"Acquista l'articolo\" src=\"https:\/\/www.cittadellaeditrice.com\/munera\/wp-content\/uploads\/ico_acquista_digitale.jpg\" width=\"54\" height=\"54\" \/><\/a>\n<br \/><a title=\"Acquista\" href=\"javascript:formcompra('1611','1');\"> per continuare a leggere acquista questo articolo<\/a><\/p><p style=\"text-align:center\"><a href=\"https:\/\/www.cittadellaeditrice.com\/digital\/account\/\">Utente biblioteche abbonate: clicca qui \u00bb<\/a><\/p>","protected":false},"excerpt":{"rendered":"<p>Negli ultimi anni il concetto teologico e filosofico di \u201cpopolo\u201d ha motivato inediti dibattiti e ispirato molteplici riflessioni teoriche. Il popolo sembra essere tornato a occupare un posto di rilievo, sia nelle discussioni accademiche sia&#8230;<\/p>\n","protected":false},"author":1,"featured_media":0,"parent":2840,"menu_order":0,"comment_status":"open","ping_status":"open","template":"","meta":[],"categories":[373],"tags":[367,374,208],"_links":{"self":[{"href":"https:\/\/www.cittadellaeditrice.com\/munera\/wp-json\/wp\/v2\/pages\/12570"}],"collection":[{"href":"https:\/\/www.cittadellaeditrice.com\/munera\/wp-json\/wp\/v2\/pages"}],"about":[{"href":"https:\/\/www.cittadellaeditrice.com\/munera\/wp-json\/wp\/v2\/types\/page"}],"author":[{"embeddable":true,"href":"https:\/\/www.cittadellaeditrice.com\/munera\/wp-json\/wp\/v2\/users\/1"}],"replies":[{"embeddable":true,"href":"https:\/\/www.cittadellaeditrice.com\/munera\/wp-json\/wp\/v2\/comments?post=12570"}],"version-history":[{"count":1,"href":"https:\/\/www.cittadellaeditrice.com\/munera\/wp-json\/wp\/v2\/pages\/12570\/revisions"}],"predecessor-version":[{"id":12571,"href":"https:\/\/www.cittadellaeditrice.com\/munera\/wp-json\/wp\/v2\/pages\/12570\/revisions\/12571"}],"up":[{"embeddable":true,"href":"https:\/\/www.cittadellaeditrice.com\/munera\/wp-json\/wp\/v2\/pages\/2840"}],"wp:attachment":[{"href":"https:\/\/www.cittadellaeditrice.com\/munera\/wp-json\/wp\/v2\/media?parent=12570"}],"wp:term":[{"taxonomy":"category","embeddable":true,"href":"https:\/\/www.cittadellaeditrice.com\/munera\/wp-json\/wp\/v2\/categories?post=12570"},{"taxonomy":"post_tag","embeddable":true,"href":"https:\/\/www.cittadellaeditrice.com\/munera\/wp-json\/wp\/v2\/tags?post=12570"}],"curies":[{"name":"wp","href":"https:\/\/api.w.org\/{rel}","templated":true}]}}