{"id":12255,"date":"2017-10-05T10:14:12","date_gmt":"2017-10-05T08:14:12","guid":{"rendered":"http:\/\/www.cittadellaeditrice.com\/munera\/?page_id=12255"},"modified":"2017-10-05T10:14:12","modified_gmt":"2017-10-05T08:14:12","slug":"munera-32017-stefano-biancu-autorita-e-liberta-unalternativa-moderna-a-partire-dalla-riforma-di-lutero","status":"publish","type":"page","link":"https:\/\/www.cittadellaeditrice.com\/munera\/tutti-gli-articoli\/munera-32017-stefano-biancu-autorita-e-liberta-unalternativa-moderna-a-partire-dalla-riforma-di-lutero\/","title":{"rendered":"Munera 3\/2017 &#8211; Stefano Biancu &gt;&gt; Autorita\u0300 e liberta\u0300. Un\u2019alternativa moderna (a partire dalla Riforma di Lutero)"},"content":{"rendered":"<p>Un clich\u00e9 storiografico tanto diffuso quanto indiscusso sostiene che quell\u2019evento fondatore della modernit\u00e0 che va sotto il nome di Riforma protestante rappresenti una tappa importante del dissidio occidentale tra autorit\u00e0 e libert\u00e0. Molti degli autori che, a partire dal XX secolo, si sono confrontati con la questione dell\u2019autorit\u00e0 \u2013 questione che l\u2019esperienza totalitaria aveva reso nel frattempo esplosiva \u2013 hanno assunto tale clich\u00e9 senza contestarlo: tra gli altri, \u00e8 il caso di Capograssi, Weber, Horkheimer, Arendt, Jaspers, Gadamer, ma anche di autori contemporanei come Luisa Muraro.<\/p>\n<p>Il dissidio tra autorit\u00e0 e libert\u00e0 \u2013 che segna oggi in profondit\u00e0 tanti ambiti del vivere e del convivere umano: dalla politica alla religione, dalla cultura all\u2019educazione \u2013 troverebbe dunque nella Riforma protestante una delle tappe del suo sviluppo progressivo.<\/p>\n<p>Ora, se la Riforma protestante rappresenta senza dubbio un luogo fondamentale dell\u2019emergere di tale dissidio, andrebbe tuttavia esercitata una certa cautela nell\u2019identificare in essa una delle cause del divorzio. Infatti, la Riforma potrebbe non essere alle origini di un rapporto divenuto problematico a partire da essa, ma piuttosto essere in qualche modo debitrice di un assetto che la precede e che le fornisce alcune delle condizioni-quadro del suo sviluppo. Essa costituisce dunque una prospettiva privilegiata per la sua comprensione. Cercare di comprendere il dissidio tra autorit\u00e0 e libert\u00e0 a partire dalla Riforma consente infatti di collocarsi in una prospettiva feconda, che pu\u00f2 essere espressa nei termini di una dialettica incompiuta tra mediazione e immediatezza.<\/p>\n<p style=\"text-align: center;\"><a title=\"Acquista\" href=\"javascript:formcompra('1529',1);\"><img alt=\"Acquista l'articolo\" src=\"https:\/\/www.cittadellaeditrice.com\/munera\/wp-content\/uploads\/ico_acquista_digitale.jpg\" width=\"54\" height=\"54\" \/><\/a>\n<br \/><a title=\"Acquista\" href=\"javascript:formcompra('1529','1');\"> per continuare a leggere acquista questo articolo<\/a><\/p><p style=\"text-align:center\"><a href=\"https:\/\/www.cittadellaeditrice.com\/digital\/account\/\">Utente biblioteche abbonate: clicca qui \u00bb<\/a><\/p>","protected":false},"excerpt":{"rendered":"<p>Un clich\u00e9 storiografico tanto diffuso quanto indiscusso sostiene che quell\u2019evento fondatore della modernit\u00e0 che va sotto il nome di Riforma protestante rappresenti una tappa importante del dissidio occidentale tra autorit\u00e0 e libert\u00e0. Molti degli autori&#8230;<\/p>\n","protected":false},"author":1,"featured_media":0,"parent":2840,"menu_order":0,"comment_status":"open","ping_status":"open","template":"","meta":[],"categories":[41],"tags":[286,133,282,340,194],"_links":{"self":[{"href":"https:\/\/www.cittadellaeditrice.com\/munera\/wp-json\/wp\/v2\/pages\/12255"}],"collection":[{"href":"https:\/\/www.cittadellaeditrice.com\/munera\/wp-json\/wp\/v2\/pages"}],"about":[{"href":"https:\/\/www.cittadellaeditrice.com\/munera\/wp-json\/wp\/v2\/types\/page"}],"author":[{"embeddable":true,"href":"https:\/\/www.cittadellaeditrice.com\/munera\/wp-json\/wp\/v2\/users\/1"}],"replies":[{"embeddable":true,"href":"https:\/\/www.cittadellaeditrice.com\/munera\/wp-json\/wp\/v2\/comments?post=12255"}],"version-history":[{"count":1,"href":"https:\/\/www.cittadellaeditrice.com\/munera\/wp-json\/wp\/v2\/pages\/12255\/revisions"}],"predecessor-version":[{"id":12256,"href":"https:\/\/www.cittadellaeditrice.com\/munera\/wp-json\/wp\/v2\/pages\/12255\/revisions\/12256"}],"up":[{"embeddable":true,"href":"https:\/\/www.cittadellaeditrice.com\/munera\/wp-json\/wp\/v2\/pages\/2840"}],"wp:attachment":[{"href":"https:\/\/www.cittadellaeditrice.com\/munera\/wp-json\/wp\/v2\/media?parent=12255"}],"wp:term":[{"taxonomy":"category","embeddable":true,"href":"https:\/\/www.cittadellaeditrice.com\/munera\/wp-json\/wp\/v2\/categories?post=12255"},{"taxonomy":"post_tag","embeddable":true,"href":"https:\/\/www.cittadellaeditrice.com\/munera\/wp-json\/wp\/v2\/tags?post=12255"}],"curies":[{"name":"wp","href":"https:\/\/api.w.org\/{rel}","templated":true}]}}