{"id":12251,"date":"2017-10-05T10:09:32","date_gmt":"2017-10-05T08:09:32","guid":{"rendered":"http:\/\/www.cittadellaeditrice.com\/munera\/?page_id=12251"},"modified":"2017-10-06T08:11:16","modified_gmt":"2017-10-06T06:11:16","slug":"munera-32017-keith-hart-il-capitalismo-ora-e-allora","status":"publish","type":"page","link":"https:\/\/www.cittadellaeditrice.com\/munera\/tutti-gli-articoli\/munera-32017-keith-hart-il-capitalismo-ora-e-allora\/","title":{"rendered":"Munera 3\/2017 &#8211; Keith Hart &gt;&gt; Il capitalismo, ora e allora"},"content":{"rendered":"<p>Nella seconda met\u00e0 del XX secolo, per la prima volta nella storia, il genere umano si \u00e8 costituito in un\u2019unica rete sociale interattiva. La societ\u00e0 mondiale che ne \u00e8 derivata \u00e8 la nuova umanit\u00e0 universale \u2013 non un\u2019ideale, ma il fatto concreto che 7,5 miliardi di persone hanno un disperato bisogno di nuovi modelli di aggregazione. Risulta ormai urgente l\u2019obiettivo di costruire una societ\u00e0 civile globale per il XXI secolo e, indubbiamente, ci siamo allontanati parecchio dalle speranze di libert\u00e0 e di uguaglianza che si sono diffuse dopo la Seconda guerra mondiale e la Rivoluzione anticoloniale che ne \u00e8 seguita.<\/p>\n<p>La Rivoluzione borghese ha rappresentato il tentativo di sostituire il profitto alla rendita quale principio economico dominante, un cambiamento che implicava anche uno spostamento di enfasi dalla distribuzione alla produzione. I capitalisti presupponevano che i lavoratori avrebbero tratto vantaggio dalla vittoria sui proprietari terrieri, non da ultimo perch\u00e9 il costo dei beni alimentari si sarebbe ridotto. Karl Marx si prefiggeva di dimostrare come questa alleanza si basasse su una falsa premessa, dal momento che i capitalisti sfruttavano i lavoratori, i cui interessi sarebbero stati perseguiti meglio opponendoli, anzich\u00e9 uniformandoli, a quelli dei capitalisti. Marx ed Engels si convinsero che il capitalismo industriale di et\u00e0 vittoriana stesse per cambiare il mondo intero: erano pertanto sicuri del suo trionfo quanto lo erano gli economisti politici liberali, seppure per diverse ragioni.<\/p>\n<p>Il capitalismo si \u00e8 sempre basato su un contratto diseguale tra i detentori di grandi capitali e quanti producono e acquistano i loro prodotti. Tale contratto fa leva sulla minaccia per i lavoratori di perdere il proprio impiego e per i consumatori di non riuscire a pagare i prodotti acquistati. I capitalisti non possono sostenere questa minaccia da soli: hanno bisogno del sostegno dei governi, delle leggi, delle carceri, della polizia, anche degli eserciti.<\/p>\n<p style=\"text-align: center;\"><a title=\"Acquista\" href=\"javascript:formcompra('1527',1);\"><img alt=\"Acquista l'articolo\" src=\"https:\/\/www.cittadellaeditrice.com\/munera\/wp-content\/uploads\/ico_acquista_digitale.jpg\" width=\"54\" height=\"54\" \/><\/a>\n<br \/><a title=\"Acquista\" href=\"javascript:formcompra('1527','1');\"> per continuare a leggere acquista questo articolo<\/a><\/p><p style=\"text-align:center\"><a href=\"https:\/\/www.cittadellaeditrice.com\/digital\/account\/\">Utente biblioteche abbonate: clicca qui \u00bb<\/a><\/p>","protected":false},"excerpt":{"rendered":"<p>Nella seconda met\u00e0 del XX secolo, per la prima volta nella storia, il genere umano si \u00e8 costituito in un\u2019unica rete sociale interattiva. La societ\u00e0 mondiale che ne \u00e8 derivata \u00e8 la nuova umanit\u00e0 universale&#8230;<\/p>\n","protected":false},"author":1,"featured_media":0,"parent":2840,"menu_order":0,"comment_status":"open","ping_status":"open","template":"","meta":[],"categories":[349],"tags":[332,20,340,348],"_links":{"self":[{"href":"https:\/\/www.cittadellaeditrice.com\/munera\/wp-json\/wp\/v2\/pages\/12251"}],"collection":[{"href":"https:\/\/www.cittadellaeditrice.com\/munera\/wp-json\/wp\/v2\/pages"}],"about":[{"href":"https:\/\/www.cittadellaeditrice.com\/munera\/wp-json\/wp\/v2\/types\/page"}],"author":[{"embeddable":true,"href":"https:\/\/www.cittadellaeditrice.com\/munera\/wp-json\/wp\/v2\/users\/1"}],"replies":[{"embeddable":true,"href":"https:\/\/www.cittadellaeditrice.com\/munera\/wp-json\/wp\/v2\/comments?post=12251"}],"version-history":[{"count":1,"href":"https:\/\/www.cittadellaeditrice.com\/munera\/wp-json\/wp\/v2\/pages\/12251\/revisions"}],"predecessor-version":[{"id":12252,"href":"https:\/\/www.cittadellaeditrice.com\/munera\/wp-json\/wp\/v2\/pages\/12251\/revisions\/12252"}],"up":[{"embeddable":true,"href":"https:\/\/www.cittadellaeditrice.com\/munera\/wp-json\/wp\/v2\/pages\/2840"}],"wp:attachment":[{"href":"https:\/\/www.cittadellaeditrice.com\/munera\/wp-json\/wp\/v2\/media?parent=12251"}],"wp:term":[{"taxonomy":"category","embeddable":true,"href":"https:\/\/www.cittadellaeditrice.com\/munera\/wp-json\/wp\/v2\/categories?post=12251"},{"taxonomy":"post_tag","embeddable":true,"href":"https:\/\/www.cittadellaeditrice.com\/munera\/wp-json\/wp\/v2\/tags?post=12251"}],"curies":[{"name":"wp","href":"https:\/\/api.w.org\/{rel}","templated":true}]}}