{"id":12249,"date":"2017-10-05T10:01:00","date_gmt":"2017-10-05T08:01:00","guid":{"rendered":"http:\/\/www.cittadellaeditrice.com\/munera\/?page_id=12249"},"modified":"2017-10-05T10:01:00","modified_gmt":"2017-10-05T08:01:00","slug":"munera-32017-silvia-mazzucotelli-salice-arte-e-spazio-pubblico","status":"publish","type":"page","link":"https:\/\/www.cittadellaeditrice.com\/munera\/tutti-gli-articoli\/munera-32017-silvia-mazzucotelli-salice-arte-e-spazio-pubblico\/","title":{"rendered":"Munera 3\/2017 &#8211; Silvia Mazzucotelli Salice &gt;&gt; Arte e spazio pubblico"},"content":{"rendered":"<p>L\u2019arte pubblica \u00e8 un campo di indagine variegato. Esso comprende un\u2019ampia gamma di espressioni artistiche e creative che prendono forma nella sfera pubblica: monumenti storici e commemorativi, installazioni temporanee, performance artistiche e interventi di <i>street art<\/i> sono solo alcuni dei repertori artistici di intervento nello spazio pubblico osservabili nelle citt\u00e0 contemporanee.<\/p>\n<p>Talvolta l\u2019arte pubblica \u00e8 un modo per migliorare o personalizzare spazi e luoghi urbani che hanno perso la loro personalit\u00e0, uno strumento volto a modificare la percezione che gli abitanti hanno dei luoghi in cui vivono. Altre volte le performance creative cercano di innescare forme pi\u00f9 ampie di partecipazione alla vita pubblica, immaginando insieme ai cittadini nuovi modi di abitare il territorio e dunque coinvolgendoli nella <i>governance<\/i> urbana.<\/p>\n<p>Il processo di realizzazione di interventi artistici nello spazio pubblico comporta necessariamente l\u2019interazione tra soggetti diversificati. Anche se non si pu\u00f2 non ammettere che le espressioni pi\u00f9 tradizionali di arte pubblica hanno spesso sposato le logiche di grandeur delle \u00e9lite, le pratiche recenti sono caratterizzate da un forte sforzo collaborativo tra l\u2019artista e la comunit\u00e0 e sono intese sia a progettare l\u2019aspetto fisico della citt\u00e0, sia a ricostruire la dimensione relazionale alla base della vita urbana.<\/p>\n<p>Il presente contributo esplora i modelli di cittadinanza proposti da questo genere di arte che la critica definisce in vari modi (pubblica, relazionale, partecipativa, dialogica, processuale) e studia le relazioni tra comunicazione artistica, cultura, sviluppo del territorio e cittadinanza attiva. Si concentra in particolare sulle pratiche contemporanee di arte pubblica relazionale, con l\u2019obiettivo di verificare se e fino a che punto l\u2019arte: a) possa essere considerata un territorio di partecipazione politica in s\u00e9, in grado di attivare processi culturali complessi; b) proponga modelli creativi di <i>political engagement<\/i> nell\u2019ambito delle politiche del territorio.<\/p>\n<p style=\"text-align: center;\"><a title=\"Acquista\" href=\"javascript:formcompra('1526',1);\"><img alt=\"Acquista l'articolo\" src=\"https:\/\/www.cittadellaeditrice.com\/munera\/wp-content\/uploads\/ico_acquista_digitale.jpg\" width=\"54\" height=\"54\" \/><\/a>\n<br \/><a title=\"Acquista\" href=\"javascript:formcompra('1526','1');\"> per continuare a leggere acquista questo articolo<\/a><\/p><p style=\"text-align:center\"><a href=\"https:\/\/www.cittadellaeditrice.com\/digital\/account\/\">Utente biblioteche abbonate: clicca qui \u00bb<\/a><\/p>","protected":false},"excerpt":{"rendered":"<p>L\u2019arte pubblica \u00e8 un campo di indagine variegato. Esso comprende un\u2019ampia gamma di espressioni artistiche e creative che prendono forma nella sfera pubblica: monumenti storici e commemorativi, installazioni temporanee, performance artistiche e interventi di street&#8230;<\/p>\n","protected":false},"author":1,"featured_media":0,"parent":2840,"menu_order":0,"comment_status":"open","ping_status":"open","template":"","meta":[],"categories":[346],"tags":[8,313,7,347],"_links":{"self":[{"href":"https:\/\/www.cittadellaeditrice.com\/munera\/wp-json\/wp\/v2\/pages\/12249"}],"collection":[{"href":"https:\/\/www.cittadellaeditrice.com\/munera\/wp-json\/wp\/v2\/pages"}],"about":[{"href":"https:\/\/www.cittadellaeditrice.com\/munera\/wp-json\/wp\/v2\/types\/page"}],"author":[{"embeddable":true,"href":"https:\/\/www.cittadellaeditrice.com\/munera\/wp-json\/wp\/v2\/users\/1"}],"replies":[{"embeddable":true,"href":"https:\/\/www.cittadellaeditrice.com\/munera\/wp-json\/wp\/v2\/comments?post=12249"}],"version-history":[{"count":1,"href":"https:\/\/www.cittadellaeditrice.com\/munera\/wp-json\/wp\/v2\/pages\/12249\/revisions"}],"predecessor-version":[{"id":12250,"href":"https:\/\/www.cittadellaeditrice.com\/munera\/wp-json\/wp\/v2\/pages\/12249\/revisions\/12250"}],"up":[{"embeddable":true,"href":"https:\/\/www.cittadellaeditrice.com\/munera\/wp-json\/wp\/v2\/pages\/2840"}],"wp:attachment":[{"href":"https:\/\/www.cittadellaeditrice.com\/munera\/wp-json\/wp\/v2\/media?parent=12249"}],"wp:term":[{"taxonomy":"category","embeddable":true,"href":"https:\/\/www.cittadellaeditrice.com\/munera\/wp-json\/wp\/v2\/categories?post=12249"},{"taxonomy":"post_tag","embeddable":true,"href":"https:\/\/www.cittadellaeditrice.com\/munera\/wp-json\/wp\/v2\/tags?post=12249"}],"curies":[{"name":"wp","href":"https:\/\/api.w.org\/{rel}","templated":true}]}}