{"id":12243,"date":"2017-10-05T09:53:11","date_gmt":"2017-10-05T07:53:11","guid":{"rendered":"http:\/\/www.cittadellaeditrice.com\/munera\/?page_id=12243"},"modified":"2017-10-05T09:53:11","modified_gmt":"2017-10-05T07:53:11","slug":"munera-32017-ghislain-lafont-la-teologia-secondo-papa-francesco","status":"publish","type":"page","link":"https:\/\/www.cittadellaeditrice.com\/munera\/tutti-gli-articoli\/munera-32017-ghislain-lafont-la-teologia-secondo-papa-francesco\/","title":{"rendered":"Munera 3\/2017 &#8211; Ghislain Lafont &gt;&gt; La teologia secondo papa Francesco"},"content":{"rendered":"<p>In questa breve nota vorrei cercare di abbozzare una risposta provvisoria alla domanda: che cosa si attende papa Francesco dalla teologia e dai teologi? Risponder\u00f2 a partire unicamente da ci\u00f2 che egli ha scritto nell\u2019Esortazione apostolica <i>Evangelii Gaudium<\/i> (2013). Non perch\u00e9 questo documento sia sufficiente di per s\u00e9 ad elaborare una risposta dettagliata, ma perch\u00e9 Francesco ha avuto pi\u00f9 volte l\u2019occasione di dire che il testo dell\u2019<i>Evangelii Gaudium <\/i>\u00e8, in qualche modo, la carta fondamentale del suo pontificato, il documento al quale ritornare di volta in volta per comprendere il senso delle sue azioni e quindi mettersi in un atteggiamento di collaborazione.<\/p>\n<p>Il testo riprende e sviluppa \u2013 citandola abbondantemente \u2013 l\u2019Esortazione di Paolo VI <i>Evangelii Nuntiandi<\/i> (8 dicembre 1975). In entrambi i casi, troviamo gi\u00e0 nel titolo la parola <i>Evangelium<\/i> e ci\u00f2 di cui si parla \u00e8 il suo annuncio, la sua diffusione, l\u2019evangelizzazione. Come se \u2013 e questo \u00e8 il punto su cui vorrei porre l\u2019attenzione \u2013 il criterio fondamentale della dottrina della fede fosse la conformit\u00e0 al Vangelo, senza negare le acquisizioni del passato, custodendone al contrario la memoria, ma senza esservi legati in modo rigido. Se \u00e8 cos\u00ec, la teologia non trover\u00e0 forse il suo statuto, il suo campo d\u2019azione, i suoi limiti e la sua definizione come \u201cservizio di evangelizzazione\u201d, sia all\u2019esterno sia all\u2019interno della Chiesa?<\/p>\n<p style=\"text-align: center;\"><a title=\"Acquista\" href=\"javascript:formcompra('1524',1);\"><img alt=\"Acquista l'articolo\" src=\"https:\/\/www.cittadellaeditrice.com\/munera\/wp-content\/uploads\/ico_acquista_digitale.jpg\" width=\"54\" height=\"54\" \/><\/a>\n<br \/><a title=\"Acquista\" href=\"javascript:formcompra('1524','1');\"> per continuare a leggere acquista questo articolo<\/a><\/p><p style=\"text-align:center\"><a href=\"https:\/\/www.cittadellaeditrice.com\/digital\/account\/\">Utente biblioteche abbonate: clicca qui \u00bb<\/a><\/p>","protected":false},"excerpt":{"rendered":"<p>In questa breve nota vorrei cercare di abbozzare una risposta provvisoria alla domanda: che cosa si attende papa Francesco dalla teologia e dai teologi? Risponder\u00f2 a partire unicamente da ci\u00f2 che egli ha scritto nell\u2019Esortazione&#8230;<\/p>\n","protected":false},"author":1,"featured_media":0,"parent":2840,"menu_order":0,"comment_status":"open","ping_status":"open","template":"","meta":[],"categories":[52],"tags":[19,11,14],"_links":{"self":[{"href":"https:\/\/www.cittadellaeditrice.com\/munera\/wp-json\/wp\/v2\/pages\/12243"}],"collection":[{"href":"https:\/\/www.cittadellaeditrice.com\/munera\/wp-json\/wp\/v2\/pages"}],"about":[{"href":"https:\/\/www.cittadellaeditrice.com\/munera\/wp-json\/wp\/v2\/types\/page"}],"author":[{"embeddable":true,"href":"https:\/\/www.cittadellaeditrice.com\/munera\/wp-json\/wp\/v2\/users\/1"}],"replies":[{"embeddable":true,"href":"https:\/\/www.cittadellaeditrice.com\/munera\/wp-json\/wp\/v2\/comments?post=12243"}],"version-history":[{"count":1,"href":"https:\/\/www.cittadellaeditrice.com\/munera\/wp-json\/wp\/v2\/pages\/12243\/revisions"}],"predecessor-version":[{"id":12244,"href":"https:\/\/www.cittadellaeditrice.com\/munera\/wp-json\/wp\/v2\/pages\/12243\/revisions\/12244"}],"up":[{"embeddable":true,"href":"https:\/\/www.cittadellaeditrice.com\/munera\/wp-json\/wp\/v2\/pages\/2840"}],"wp:attachment":[{"href":"https:\/\/www.cittadellaeditrice.com\/munera\/wp-json\/wp\/v2\/media?parent=12243"}],"wp:term":[{"taxonomy":"category","embeddable":true,"href":"https:\/\/www.cittadellaeditrice.com\/munera\/wp-json\/wp\/v2\/categories?post=12243"},{"taxonomy":"post_tag","embeddable":true,"href":"https:\/\/www.cittadellaeditrice.com\/munera\/wp-json\/wp\/v2\/tags?post=12243"}],"curies":[{"name":"wp","href":"https:\/\/api.w.org\/{rel}","templated":true}]}}