{"id":11982,"date":"2017-07-03T07:55:08","date_gmt":"2017-07-03T05:55:08","guid":{"rendered":"http:\/\/www.cittadellaeditrice.com\/munera\/?page_id=11982"},"modified":"2017-07-03T07:55:08","modified_gmt":"2017-07-03T05:55:08","slug":"munera-22017-claudio-bazzocchi-antonio-gramsci-realismo-popolare-e-lotta-egemonica","status":"publish","type":"page","link":"https:\/\/www.cittadellaeditrice.com\/munera\/tutti-gli-articoli\/munera-22017-claudio-bazzocchi-antonio-gramsci-realismo-popolare-e-lotta-egemonica\/","title":{"rendered":"Munera 2\/2017 &#8211; Claudio Bazzocchi &gt;&gt; Antonio Gramsci: realismo popolare e lotta egemonica"},"content":{"rendered":"<p>Per introdurre una riflessione sul pensiero di Antonio Gramsci, a ottant\u2019anni dalla morte (1937-2017), si pu\u00f2 individuare una linea di pensiero italiana che nasce con Machiavelli, culmina in Gramsci e, passando per Leopardi e De Sanctis, prosegue con Capograssi, Pasolini e de Martino. Tale percorso assume a fondamento della politica, pi\u00f9 o meno esplicitamente, la tragicit\u00e0 dell\u2019esistenza, ossia la contraddizione tra brama di infinito e condizione mortale.\u00a0 Dunque, la politica diventa cos\u00ec, da un lato, campo della costruzione del senso dell\u2019esistenza e, dall\u2019altro, pone anche la necessit\u00e0 di un pensiero della trascendenza \u2013 non necessariamente religioso \u2013 a indicare che nella storia, e nella politica stessa, tale contraddizione non si pu\u00f2 risolvere, ma solo approssimare.<\/p>\n<p>L\u2019idea che la questione dell\u2019essere, del senso e del mistero della vita, non possa essere risolta nel divenire non conduce questo pensiero italiano al nichilismo o a un\u2019idea laica della politica come mera amministrazione, come \u201cmale necessario\u201d. Al contrario, tale idea porta a un realismo politico popolare, in cui la contraddizione tra finito e infinito politicizza ulteriormente il campo politico e lo rende luogo di un potere istituente che mette continuamente in questione il potere istituito. La riflessione sull\u2019insufficienza del divenire rispetto alle grandi questioni dell\u2019essere \u2013 che abbiamo definito campo della trascendenza \u2013 rende la politica sempre pi\u00f9 politica, sempre pi\u00f9 assillata dalla tragicit\u00e0 della condizione umana e mantiene la sfera pubblica aperta ai grandi interrogativi dell\u2019umano, in una dialettica (benefica aspra, conflittuale, ma mai distruttiva n\u00e9 tentata dall\u2019organicismo) tra ragioni dell\u2019ordine statale e ragioni della vita, tra potere e libert\u00e0.<\/p>\n<p style=\"text-align: center;\"><a title=\"Acquista\" href=\"javascript:formcompra('1488',1);\"><img alt=\"Acquista l'articolo\" src=\"https:\/\/www.cittadellaeditrice.com\/munera\/wp-content\/uploads\/ico_acquista_digitale.jpg\" width=\"54\" height=\"54\" \/><\/a>\n<br \/><a title=\"Acquista\" href=\"javascript:formcompra('1488','1');\"> per continuare a leggere acquista questo articolo<\/a><\/p><p style=\"text-align:center\"><a href=\"https:\/\/www.cittadellaeditrice.com\/digital\/account\/\">Utente biblioteche abbonate: clicca qui \u00bb<\/a><\/p>","protected":false},"excerpt":{"rendered":"<p>Per introdurre una riflessione sul pensiero di Antonio Gramsci, a ottant\u2019anni dalla morte (1937-2017), si pu\u00f2 individuare una linea di pensiero italiana che nasce con Machiavelli, culmina in Gramsci e, passando per Leopardi e De&#8230;<\/p>\n","protected":false},"author":1,"featured_media":0,"parent":2840,"menu_order":0,"comment_status":"open","ping_status":"open","template":"","meta":[],"categories":[283],"tags":[332,7,330,120,331],"_links":{"self":[{"href":"https:\/\/www.cittadellaeditrice.com\/munera\/wp-json\/wp\/v2\/pages\/11982"}],"collection":[{"href":"https:\/\/www.cittadellaeditrice.com\/munera\/wp-json\/wp\/v2\/pages"}],"about":[{"href":"https:\/\/www.cittadellaeditrice.com\/munera\/wp-json\/wp\/v2\/types\/page"}],"author":[{"embeddable":true,"href":"https:\/\/www.cittadellaeditrice.com\/munera\/wp-json\/wp\/v2\/users\/1"}],"replies":[{"embeddable":true,"href":"https:\/\/www.cittadellaeditrice.com\/munera\/wp-json\/wp\/v2\/comments?post=11982"}],"version-history":[{"count":1,"href":"https:\/\/www.cittadellaeditrice.com\/munera\/wp-json\/wp\/v2\/pages\/11982\/revisions"}],"predecessor-version":[{"id":11983,"href":"https:\/\/www.cittadellaeditrice.com\/munera\/wp-json\/wp\/v2\/pages\/11982\/revisions\/11983"}],"up":[{"embeddable":true,"href":"https:\/\/www.cittadellaeditrice.com\/munera\/wp-json\/wp\/v2\/pages\/2840"}],"wp:attachment":[{"href":"https:\/\/www.cittadellaeditrice.com\/munera\/wp-json\/wp\/v2\/media?parent=11982"}],"wp:term":[{"taxonomy":"category","embeddable":true,"href":"https:\/\/www.cittadellaeditrice.com\/munera\/wp-json\/wp\/v2\/categories?post=11982"},{"taxonomy":"post_tag","embeddable":true,"href":"https:\/\/www.cittadellaeditrice.com\/munera\/wp-json\/wp\/v2\/tags?post=11982"}],"curies":[{"name":"wp","href":"https:\/\/api.w.org\/{rel}","templated":true}]}}