{"id":11980,"date":"2017-07-03T07:51:57","date_gmt":"2017-07-03T05:51:57","guid":{"rendered":"http:\/\/www.cittadellaeditrice.com\/munera\/?page_id=11980"},"modified":"2017-07-03T07:51:57","modified_gmt":"2017-07-03T05:51:57","slug":"munera-22017-giulio-vercellini-tra-silenzio-ed-espressione","status":"publish","type":"page","link":"https:\/\/www.cittadellaeditrice.com\/munera\/tutti-gli-articoli\/munera-22017-giulio-vercellini-tra-silenzio-ed-espressione\/","title":{"rendered":"Munera 2\/2017 &#8211; Giulio Vercellini: tra silenzio ed espressione"},"content":{"rendered":"<p>\u00abTi stupisci che gli altri ti passino accanto e non sappiano, quando tu passi accanto a tanti e non sai, non t\u2019interessa qual \u00e8 la loro pena, il loro cancro segreto?\u00bb Con queste parole Cesare Pavese descrive mirabilmente come il ripiegamento su noi stessi ci renda indifferenti nei confronti degli altri. Presi dalle nostre preoccupazioni, assordati dai nostri pensieri, non ci accorgiamo delle storie silenziose di persone spesso miti e riservate. Non ce ne accorgiamo, fino a quando non andiamo loro incontro: o forse, sono loro che vengono incontro a noi. Cos\u00ec \u00e8 avvenuto riguardo all\u2019artista Giulio Vercellini (1952-2015).<\/p>\n<p>Nato e vissuto ad Olgiate Comasco, Giulio Vercellini era un uomo molto metodico e ordinato, e molto chiuso. La pittura, il lavoro in fabbrica, la passeggiata mattutina e le partite del Calcio Como, ne scandivano la vita quotidiana. Le sue difficolt\u00e0 relazionali svanivano soltanto quando parlava dei suoi quadri. Erano tuttavia pochissime le persone a conoscenza del suo talento artistico. Tra queste, innanzitutto, i membri della sua famiglia. Il padre era uomo pacato e molto religioso, la madre, severa e autoritaria, era il vero centro della vita domestica. La morte di quest\u2019ultima segn\u00f2 profondamente l\u2019animo di Giulio. Quando la sorella, con la quale viveva, mostr\u00f2 i primi sintomi di un grave disturbo compulsivo, egli cerc\u00f2 di stringere qualche legame esterno che lo aiutasse a sfuggire dalla difficile situazione domestica. I tentativi di aiuto da parte del resto della famiglia furono tuttavia vani. Al peggiorare del disturbo della sorella si aggravarono anche le condizioni psicologiche di Giulio, il quale, non potendo pi\u00f9 dipingere con la frequenza desiderata, prese a disinteressarsi di tutto, compreso il cibo. Mor\u00ec nell\u2019ottobre 2015, lasciando circa 1400 quadri.<\/p>\n<p>Le sue opere \u2013 prevalentemente olio su tela \u2013 mostrano un\u2019evoluzione artistica costante dal 1968 al 2015: attraverso una ricerca tecnica e stilistica costante, Vercellini giunse a maturare una forma di espressione artistica personalissima. La figura umana \u00e8 uno dei soggetti pi\u00f9 indagati: dalle rappresentazioni pi\u00f9 realistiche dei primi anni, egli evolse gradualmente attraverso un incessante processo di scomposizione ed astrazione. Sono comunque numerose le composizioni libere, di figure, di oggetti, astratte.<\/p>\n<p>I familiari hanno voluto la costituzione di un\u2019associazione culturale senza fini di lucro allo scopo di farne conoscere l\u2019opera.<\/p>\n<p style=\"text-align: center;\"><a title=\"Acquista\" href=\"javascript:formcompra('1487',1);\"><img alt=\"Acquista l'articolo\" src=\"https:\/\/www.cittadellaeditrice.com\/munera\/wp-content\/uploads\/ico_acquista_digitale.jpg\" width=\"54\" height=\"54\" \/><\/a>\n<br \/><a title=\"Acquista\" href=\"javascript:formcompra('1487','1');\"> per continuare a leggere acquista questo articolo<\/a><\/p><p style=\"text-align:center\"><a href=\"https:\/\/www.cittadellaeditrice.com\/digital\/account\/\">Utente biblioteche abbonate: clicca qui \u00bb<\/a><\/p>","protected":false},"excerpt":{"rendered":"<p>\u00abTi stupisci che gli altri ti passino accanto e non sappiano, quando tu passi accanto a tanti e non sai, non t\u2019interessa qual \u00e8 la loro pena, il loro cancro segreto?\u00bb Con queste parole Cesare&#8230;<\/p>\n","protected":false},"author":1,"featured_media":0,"parent":2840,"menu_order":0,"comment_status":"open","ping_status":"open","template":"","meta":[],"categories":[],"tags":[8],"_links":{"self":[{"href":"https:\/\/www.cittadellaeditrice.com\/munera\/wp-json\/wp\/v2\/pages\/11980"}],"collection":[{"href":"https:\/\/www.cittadellaeditrice.com\/munera\/wp-json\/wp\/v2\/pages"}],"about":[{"href":"https:\/\/www.cittadellaeditrice.com\/munera\/wp-json\/wp\/v2\/types\/page"}],"author":[{"embeddable":true,"href":"https:\/\/www.cittadellaeditrice.com\/munera\/wp-json\/wp\/v2\/users\/1"}],"replies":[{"embeddable":true,"href":"https:\/\/www.cittadellaeditrice.com\/munera\/wp-json\/wp\/v2\/comments?post=11980"}],"version-history":[{"count":1,"href":"https:\/\/www.cittadellaeditrice.com\/munera\/wp-json\/wp\/v2\/pages\/11980\/revisions"}],"predecessor-version":[{"id":11981,"href":"https:\/\/www.cittadellaeditrice.com\/munera\/wp-json\/wp\/v2\/pages\/11980\/revisions\/11981"}],"up":[{"embeddable":true,"href":"https:\/\/www.cittadellaeditrice.com\/munera\/wp-json\/wp\/v2\/pages\/2840"}],"wp:attachment":[{"href":"https:\/\/www.cittadellaeditrice.com\/munera\/wp-json\/wp\/v2\/media?parent=11980"}],"wp:term":[{"taxonomy":"category","embeddable":true,"href":"https:\/\/www.cittadellaeditrice.com\/munera\/wp-json\/wp\/v2\/categories?post=11980"},{"taxonomy":"post_tag","embeddable":true,"href":"https:\/\/www.cittadellaeditrice.com\/munera\/wp-json\/wp\/v2\/tags?post=11980"}],"curies":[{"name":"wp","href":"https:\/\/api.w.org\/{rel}","templated":true}]}}