{"id":11976,"date":"2017-07-03T07:48:18","date_gmt":"2017-07-03T05:48:18","guid":{"rendered":"http:\/\/www.cittadellaeditrice.com\/munera\/?page_id=11976"},"modified":"2017-07-03T07:48:18","modified_gmt":"2017-07-03T05:48:18","slug":"munera-22017-cristina-simonelli-per-amore-civile-e-politico-chiesa-e-gender","status":"publish","type":"page","link":"https:\/\/www.cittadellaeditrice.com\/munera\/tutti-gli-articoli\/munera-22017-cristina-simonelli-per-amore-civile-e-politico-chiesa-e-gender\/","title":{"rendered":"Munera 2\/2017 &#8211; Cristina Simonelli &gt;&gt; Per amore civile e politico: Chiesa e gender"},"content":{"rendered":"<p>Sul tema gender negli anni appena trascorsi ci siamo estenuati in un dibattito o, pi\u00f9 spesso, in una polemica che ha assunto forme aspre, diventando una vera e propria \u201cvia dolorosa\u201d. Continuo a essere convinta che il bilancio sia comunque pesante, per il tempo e le energie impiegate e per le occasioni di confronto perse. Torniamo tuttavia a parlarne: perch\u00e9 ci sono ancora richieste in questo senso (e sarebbe probabilmente una ragione gi\u00e0 sufficiente), ma anche perch\u00e9 in ogni caso anche dai percorsi contorti si possono ereditare, in fondo, esperienze e risorse che sarebbe insipiente trascurare. In questa ottica riprendiamo qui alcuni elementi della questione, per meditare sui lati negativi, per non perdere quelli positivi e infine per quel senso di responsabilit\u00e0 che papa Francesco nella sezione V del sesto capitolo dell\u2019enciclica Laudato si\u2019 indica come misura alta di carit\u00e0 politica:<\/p>\n<p>\u00abL\u2019amore [&#8230;] \u00e8 anche civile e politico, e si manifesta in tutte le azioni che cercano di costruire un mondo migliore. L\u2019amore per la societ\u00e0 e l\u2019impegno per il bene comune sono una forma eminente di carit\u00e0, che riguarda non solo le relazioni tra gli individui, ma anche macro-relazioni, rapporti sociali, economici, politici\u00bb.<\/p>\n<p style=\"text-align: center;\"><a title=\"Acquista\" href=\"javascript:formcompra('1485',1);\"><img alt=\"Acquista l'articolo\" src=\"https:\/\/www.cittadellaeditrice.com\/munera\/wp-content\/uploads\/ico_acquista_digitale.jpg\" width=\"54\" height=\"54\" \/><\/a>\n<br \/><a title=\"Acquista\" href=\"javascript:formcompra('1485','1');\"> per continuare a leggere acquista questo articolo<\/a><\/p><p style=\"text-align:center\"><a href=\"https:\/\/www.cittadellaeditrice.com\/digital\/account\/\">Utente biblioteche abbonate: clicca qui \u00bb<\/a><\/p>","protected":false},"excerpt":{"rendered":"<p>Sul tema gender negli anni appena trascorsi ci siamo estenuati in un dibattito o, pi\u00f9 spesso, in una polemica che ha assunto forme aspre, diventando una vera e propria \u201cvia dolorosa\u201d. Continuo a essere convinta&#8230;<\/p>\n","protected":false},"author":1,"featured_media":0,"parent":2840,"menu_order":0,"comment_status":"open","ping_status":"open","template":"","meta":[],"categories":[327],"tags":[19,11,312,14],"_links":{"self":[{"href":"https:\/\/www.cittadellaeditrice.com\/munera\/wp-json\/wp\/v2\/pages\/11976"}],"collection":[{"href":"https:\/\/www.cittadellaeditrice.com\/munera\/wp-json\/wp\/v2\/pages"}],"about":[{"href":"https:\/\/www.cittadellaeditrice.com\/munera\/wp-json\/wp\/v2\/types\/page"}],"author":[{"embeddable":true,"href":"https:\/\/www.cittadellaeditrice.com\/munera\/wp-json\/wp\/v2\/users\/1"}],"replies":[{"embeddable":true,"href":"https:\/\/www.cittadellaeditrice.com\/munera\/wp-json\/wp\/v2\/comments?post=11976"}],"version-history":[{"count":1,"href":"https:\/\/www.cittadellaeditrice.com\/munera\/wp-json\/wp\/v2\/pages\/11976\/revisions"}],"predecessor-version":[{"id":11977,"href":"https:\/\/www.cittadellaeditrice.com\/munera\/wp-json\/wp\/v2\/pages\/11976\/revisions\/11977"}],"up":[{"embeddable":true,"href":"https:\/\/www.cittadellaeditrice.com\/munera\/wp-json\/wp\/v2\/pages\/2840"}],"wp:attachment":[{"href":"https:\/\/www.cittadellaeditrice.com\/munera\/wp-json\/wp\/v2\/media?parent=11976"}],"wp:term":[{"taxonomy":"category","embeddable":true,"href":"https:\/\/www.cittadellaeditrice.com\/munera\/wp-json\/wp\/v2\/categories?post=11976"},{"taxonomy":"post_tag","embeddable":true,"href":"https:\/\/www.cittadellaeditrice.com\/munera\/wp-json\/wp\/v2\/tags?post=11976"}],"curies":[{"name":"wp","href":"https:\/\/api.w.org\/{rel}","templated":true}]}}