{"id":11974,"date":"2017-07-03T07:46:22","date_gmt":"2017-07-03T05:46:22","guid":{"rendered":"http:\/\/www.cittadellaeditrice.com\/munera\/?page_id=11974"},"modified":"2017-07-03T07:46:22","modified_gmt":"2017-07-03T05:46:22","slug":"munera-22017-alessandro-rosina-generazione-neet","status":"publish","type":"page","link":"https:\/\/www.cittadellaeditrice.com\/munera\/tutti-gli-articoli\/munera-22017-alessandro-rosina-generazione-neet\/","title":{"rendered":"Munera 2\/2017 &#8211; Alessandro Rosina &gt;&gt; Generazione Neet"},"content":{"rendered":"<p>L\u2019Italia risulta oggi un paese in grave debito nei confronti del futuro. Non solo per l\u2019entit\u00e0 del debito pubblico, ma per tutte le scelte fatte o non fatte che hanno indebolito anzich\u00e9 rafforzato la possibilit\u00e0 che le nuove generazioni siano il pilastro solido attorno al quale edificare il benessere futuro comune.<\/p>\n<p>L\u2019evidenza maggiore di quello che non ha funzionato \u00e8 rappresentata dall\u2019abnorme numero di giovani che non partecipano a percorsi di istruzione o formazione e nemmeno stanno svolgendo un\u2019attivit\u00e0 lavorativa, i cosiddetti Neet (<i>Not in Education, Employment or Training<\/i>).<\/p>\n<p>Il tasso di Neet pu\u00f2 essere considerato una misura di quanto una comunit\u00e0 dilapida il potenziale delle nuove generazioni, a scapito non solo dei giovani stessi, ma anche delle proprie possibilit\u00e0 di sviluppo e benessere.<\/p>\n<p>L\u2019acronimo \u00e8 stato coniato nel Regno Unito verso la fine del secolo scorso, ma il suo uso diffuso inizia dal 2010, quando l\u2019Unione Europea adotta il tasso di Neet come indicatore di riferimento sulla condizione delle nuove generazioni. Rispetto all\u2019usuale tasso di disoccupazione giovanile, nei Neet sono compresi tutti i giovani inattivi, non solo i disoccupati in senso stretto.<\/p>\n<p>Pi\u00f9 nello specifico, tale indicatore \u00e8 espressione delle difficolt\u00e0 della transizione tra scuola e lavoro. Il numero di giovani che, dopo essere usciti dal percorso formativo, non sono riusciti a entrare nel mondo del lavoro, o si trovano impaludati in un\u2019area grigia tra lavoro e non lavoro, \u00e8 notevolmente cresciuto con la crisi, soprattutto nei paesi, come l\u2019Italia, che combinano carenze sul fronte sia della domanda sia dell\u2019offerta di lavoro, assieme a una inadeguatezza degli strumenti di incontro tra domanda e offerta.<\/p>\n<p style=\"text-align: center;\"><a title=\"Acquista\" href=\"javascript:formcompra('1484',1);\"><img alt=\"Acquista l'articolo\" src=\"https:\/\/www.cittadellaeditrice.com\/munera\/wp-content\/uploads\/ico_acquista_digitale.jpg\" width=\"54\" height=\"54\" \/><\/a>\n<br \/><a title=\"Acquista\" href=\"javascript:formcompra('1484','1');\"> per continuare a leggere acquista questo articolo<\/a><\/p><p style=\"text-align:center\"><a href=\"https:\/\/www.cittadellaeditrice.com\/digital\/account\/\">Utente biblioteche abbonate: clicca qui \u00bb<\/a><\/p>","protected":false},"excerpt":{"rendered":"<p>L\u2019Italia risulta oggi un paese in grave debito nei confronti del futuro. Non solo per l\u2019entit\u00e0 del debito pubblico, ma per tutte le scelte fatte o non fatte che hanno indebolito anzich\u00e9 rafforzato la possibilit\u00e0&#8230;<\/p>\n","protected":false},"author":1,"featured_media":0,"parent":2840,"menu_order":0,"comment_status":"open","ping_status":"open","template":"","meta":[],"categories":[317],"tags":[325,326,324,120,25,323],"_links":{"self":[{"href":"https:\/\/www.cittadellaeditrice.com\/munera\/wp-json\/wp\/v2\/pages\/11974"}],"collection":[{"href":"https:\/\/www.cittadellaeditrice.com\/munera\/wp-json\/wp\/v2\/pages"}],"about":[{"href":"https:\/\/www.cittadellaeditrice.com\/munera\/wp-json\/wp\/v2\/types\/page"}],"author":[{"embeddable":true,"href":"https:\/\/www.cittadellaeditrice.com\/munera\/wp-json\/wp\/v2\/users\/1"}],"replies":[{"embeddable":true,"href":"https:\/\/www.cittadellaeditrice.com\/munera\/wp-json\/wp\/v2\/comments?post=11974"}],"version-history":[{"count":1,"href":"https:\/\/www.cittadellaeditrice.com\/munera\/wp-json\/wp\/v2\/pages\/11974\/revisions"}],"predecessor-version":[{"id":11975,"href":"https:\/\/www.cittadellaeditrice.com\/munera\/wp-json\/wp\/v2\/pages\/11974\/revisions\/11975"}],"up":[{"embeddable":true,"href":"https:\/\/www.cittadellaeditrice.com\/munera\/wp-json\/wp\/v2\/pages\/2840"}],"wp:attachment":[{"href":"https:\/\/www.cittadellaeditrice.com\/munera\/wp-json\/wp\/v2\/media?parent=11974"}],"wp:term":[{"taxonomy":"category","embeddable":true,"href":"https:\/\/www.cittadellaeditrice.com\/munera\/wp-json\/wp\/v2\/categories?post=11974"},{"taxonomy":"post_tag","embeddable":true,"href":"https:\/\/www.cittadellaeditrice.com\/munera\/wp-json\/wp\/v2\/tags?post=11974"}],"curies":[{"name":"wp","href":"https:\/\/api.w.org\/{rel}","templated":true}]}}