{"id":11577,"date":"2017-02-09T11:01:21","date_gmt":"2017-02-09T10:01:21","guid":{"rendered":"http:\/\/www.cittadellaeditrice.com\/munera\/?page_id=11577"},"modified":"2017-02-09T11:01:21","modified_gmt":"2017-02-09T10:01:21","slug":"munera-12017-andrea-grillo-il-perdono-tra-religione-e-cultura","status":"publish","type":"page","link":"https:\/\/www.cittadellaeditrice.com\/munera\/tutti-gli-articoli\/munera-12017-andrea-grillo-il-perdono-tra-religione-e-cultura\/","title":{"rendered":"Munera 1\/2017 &#8211; Andrea Grillo &gt;&gt; Il perdono tra religione e cultura"},"content":{"rendered":"<p>Alla fine del XVIII secolo la religione inizia a uscire dall\u2019ambito della metafisica e della morale, per riconoscersi come caratterizzata dal sentimento e dal gusto (dell\u2019infinito). Non \u00e8 azzardato affermare che questo sia uno degli inizi della tarda-modernit\u00e0, che rinveniamo con immutato stupore sulle pagine delle <i>Reden<\/i> di Schleiermacher gi\u00e0 nel 1799. Ancora per I. Kant, nel suo <i>Streit der Fakult\u00e4ten<\/i>, le tre facolt\u00e0 fondamentali dell\u2019universit\u00e0 sono teologia, legge e medicina. Da Schleiermacher non inizia soltanto una <i>religio nova<\/i>, ma anche una diversa collocazione del religioso nella <i>universitas scientiarum<\/i>. E non dobbiamo aspettare l\u2019effetto che ebbero le lezioni di Schleiermacher su L. Feuerbach per capire che ci troviamo qui di fronte a un profondo rivolgimento della tradizione, tale da far irrompere uno sguardo antropologico nel cuore stesso della religione.<\/p>\n<p>Da quando non \u00e8 pi\u00f9 assimilabile anzitutto a una legge o a una virt\u00f9, la religione aspira ad altro e turba le coscienze e i cuori. Una religione irriducibile ad altro da s\u00e9 diventa inevitabilmente una religione non istituzionale \u2013 non ridotta a sapere, a norma o a virt\u00f9 utile allo Stato \u2013 che si trasforma ben presto in una sfida culturale di prima grandezza. In quanto tale, viene percepita come grande nemica da parte della Chiesa cattolica, almeno all\u2019inizio e per lungo tempo, anche se poi viene riconosciuta persino come un\u2019alleata insperata.<\/p>\n<p style=\"text-align: center;\"><a title=\"Acquista\" href=\"javascript:formcompra('1424',1);\"><img alt=\"Acquista l'articolo\" src=\"https:\/\/www.cittadellaeditrice.com\/munera\/wp-content\/uploads\/ico_acquista_digitale.jpg\" width=\"54\" height=\"54\" \/><\/a>\n<br \/><a title=\"Acquista\" href=\"javascript:formcompra('1424','1');\"> per continuare a leggere acquista questo articolo<\/a><\/p><p style=\"text-align:center\"><a href=\"https:\/\/www.cittadellaeditrice.com\/digital\/account\/\">Utente biblioteche abbonate: clicca qui \u00bb<\/a><\/p>","protected":false},"excerpt":{"rendered":"<p>Alla fine del XVIII secolo la religione inizia a uscire dall\u2019ambito della metafisica e della morale, per riconoscersi come caratterizzata dal sentimento e dal gusto (dell\u2019infinito). Non \u00e8 azzardato affermare che questo sia uno degli&#8230;<\/p>\n","protected":false},"author":1,"featured_media":0,"parent":2840,"menu_order":0,"comment_status":"open","ping_status":"open","template":"","meta":[],"categories":[62],"tags":[7,127,294],"_links":{"self":[{"href":"https:\/\/www.cittadellaeditrice.com\/munera\/wp-json\/wp\/v2\/pages\/11577"}],"collection":[{"href":"https:\/\/www.cittadellaeditrice.com\/munera\/wp-json\/wp\/v2\/pages"}],"about":[{"href":"https:\/\/www.cittadellaeditrice.com\/munera\/wp-json\/wp\/v2\/types\/page"}],"author":[{"embeddable":true,"href":"https:\/\/www.cittadellaeditrice.com\/munera\/wp-json\/wp\/v2\/users\/1"}],"replies":[{"embeddable":true,"href":"https:\/\/www.cittadellaeditrice.com\/munera\/wp-json\/wp\/v2\/comments?post=11577"}],"version-history":[{"count":1,"href":"https:\/\/www.cittadellaeditrice.com\/munera\/wp-json\/wp\/v2\/pages\/11577\/revisions"}],"predecessor-version":[{"id":11578,"href":"https:\/\/www.cittadellaeditrice.com\/munera\/wp-json\/wp\/v2\/pages\/11577\/revisions\/11578"}],"up":[{"embeddable":true,"href":"https:\/\/www.cittadellaeditrice.com\/munera\/wp-json\/wp\/v2\/pages\/2840"}],"wp:attachment":[{"href":"https:\/\/www.cittadellaeditrice.com\/munera\/wp-json\/wp\/v2\/media?parent=11577"}],"wp:term":[{"taxonomy":"category","embeddable":true,"href":"https:\/\/www.cittadellaeditrice.com\/munera\/wp-json\/wp\/v2\/categories?post=11577"},{"taxonomy":"post_tag","embeddable":true,"href":"https:\/\/www.cittadellaeditrice.com\/munera\/wp-json\/wp\/v2\/tags?post=11577"}],"curies":[{"name":"wp","href":"https:\/\/api.w.org\/{rel}","templated":true}]}}