{"id":11575,"date":"2017-02-09T11:00:22","date_gmt":"2017-02-09T10:00:22","guid":{"rendered":"http:\/\/www.cittadellaeditrice.com\/munera\/?page_id=11575"},"modified":"2017-02-09T11:00:22","modified_gmt":"2017-02-09T10:00:22","slug":"munera-12017-paolo-branca-la-secolarizzazione-della-cultura","status":"publish","type":"page","link":"https:\/\/www.cittadellaeditrice.com\/munera\/tutti-gli-articoli\/munera-12017-paolo-branca-la-secolarizzazione-della-cultura\/","title":{"rendered":"Munera 1\/2017 &#8211; Paolo Branca &gt;&gt; La secolarizzazione della cultura"},"content":{"rendered":"<p>La dimensione terrena spazio-temporale e quella religiosa che tende anche ad Altro e a un Oltre sono state spesso concepite pi\u00f9 come in opposizione che complementari.<\/p>\n<p>Se la secolarizzazione occidentale pare aver \u201cridotto\u201d allo spazio privato la religiosit\u00e0, quest\u2019ultima altrove sembra invece invadere anche quello profano e, in entrambi i casi, si tratta di una mancanza d\u2019equilibrio gravida di conseguenze.<\/p>\n<p>Indubbiamente le religioni comportano anche un discrimine\u2026 quasi un principio d\u2019esclusione: tra luce e tenebre, tra bene e male, tra chi accetta il messaggio e chi lo rifiuta, tra chi rispetta determinati divieti e precetti e chi non lo fa. Ma dallo stesso messaggio siamo messi in guardia rispetto a troppo automatiche e trancianti opposizioni.<\/p>\n<p>\u00abI servi del Misericordioso sono coloro che camminano umilmente sulla terra e quando un ignorante si rivolge a loro rispondono \u2018Pace!\u2019\u00bb (Corano 25,63).<\/p>\n<p>\u00abSe Dio avesse voluto avrebbe fatto di voi una comunit\u00e0 unica, ma cos\u00ec non ha fatto per mettervi alla prova in ci\u00f2 che vi ha donato. Gareggiate dunque nelle opere buone, a Dio tutti farete ritorno ed Egli allora vi informer\u00e0 sulle cose in cui siete stati in discordia\u00bb (Corano 5,48).<\/p>\n<p>Quando, in qualsiasi fede, vengono sottolineate eccessivamente fratture nello stesso individuo, tra lui e il suo ambiente e i suoi simili o con il suo stesso Creatore, qualcosa d\u2019essenziale di una genuina esperienza religiosa viene a mancare con pesanti costi.<\/p>\n<p>Una logica binaria va bene per le macchine, non per gli esseri umani: ricordo una giovane musulmana che paragonava il Corano al libretto di istruzioni di una lavatrice, pretendendo che solo chi ha fabbricato sia i tessuti sia la macchina possa indicarne il buon funzionamento.<\/p>\n<p>Dobbiamo dunque chiederci se nelle fonti e nelle esperienze dei seguaci delle varie religioni sussistano elementi in grado di andar oltre una simile disperante prospettiva che nulla aggiunge, ma molto anzi riduce, rispetto a un\u2019origine e a una permanenza comunque testimoniate: \u00abDrizza quindi il tuo volto alla vera Religione, in purit\u00e0 di fede, Natura prima (fitra) in cui Dio ha naturato gli uomini. Nessun mutamento patisce la Creazione di Dio: quella \u00e8 la Religione retta, ma i pi\u00f9 degli uomini non sanno\u00bb (Corano 30,30).<\/p>\n<p style=\"text-align: center;\"><a title=\"Acquista\" href=\"javascript:formcompra('1423',1);\"><img alt=\"Acquista l'articolo\" src=\"https:\/\/www.cittadellaeditrice.com\/munera\/wp-content\/uploads\/ico_acquista_digitale.jpg\" width=\"54\" height=\"54\" \/><\/a>\n<br \/><a title=\"Acquista\" href=\"javascript:formcompra('1423','1');\"> per continuare a leggere acquista questo articolo<\/a><\/p><p style=\"text-align:center\"><a href=\"https:\/\/www.cittadellaeditrice.com\/digital\/account\/\">Utente biblioteche abbonate: clicca qui \u00bb<\/a><\/p>","protected":false},"excerpt":{"rendered":"<p>La dimensione terrena spazio-temporale e quella religiosa che tende anche ad Altro e a un Oltre sono state spesso concepite pi\u00f9 come in opposizione che complementari. Se la secolarizzazione occidentale pare aver \u201cridotto\u201d allo spazio&#8230;<\/p>\n","protected":false},"author":1,"featured_media":0,"parent":2840,"menu_order":0,"comment_status":"open","ping_status":"open","template":"","meta":[],"categories":[163],"tags":[7,24,297],"_links":{"self":[{"href":"https:\/\/www.cittadellaeditrice.com\/munera\/wp-json\/wp\/v2\/pages\/11575"}],"collection":[{"href":"https:\/\/www.cittadellaeditrice.com\/munera\/wp-json\/wp\/v2\/pages"}],"about":[{"href":"https:\/\/www.cittadellaeditrice.com\/munera\/wp-json\/wp\/v2\/types\/page"}],"author":[{"embeddable":true,"href":"https:\/\/www.cittadellaeditrice.com\/munera\/wp-json\/wp\/v2\/users\/1"}],"replies":[{"embeddable":true,"href":"https:\/\/www.cittadellaeditrice.com\/munera\/wp-json\/wp\/v2\/comments?post=11575"}],"version-history":[{"count":1,"href":"https:\/\/www.cittadellaeditrice.com\/munera\/wp-json\/wp\/v2\/pages\/11575\/revisions"}],"predecessor-version":[{"id":11576,"href":"https:\/\/www.cittadellaeditrice.com\/munera\/wp-json\/wp\/v2\/pages\/11575\/revisions\/11576"}],"up":[{"embeddable":true,"href":"https:\/\/www.cittadellaeditrice.com\/munera\/wp-json\/wp\/v2\/pages\/2840"}],"wp:attachment":[{"href":"https:\/\/www.cittadellaeditrice.com\/munera\/wp-json\/wp\/v2\/media?parent=11575"}],"wp:term":[{"taxonomy":"category","embeddable":true,"href":"https:\/\/www.cittadellaeditrice.com\/munera\/wp-json\/wp\/v2\/categories?post=11575"},{"taxonomy":"post_tag","embeddable":true,"href":"https:\/\/www.cittadellaeditrice.com\/munera\/wp-json\/wp\/v2\/tags?post=11575"}],"curies":[{"name":"wp","href":"https:\/\/api.w.org\/{rel}","templated":true}]}}