{"id":11569,"date":"2017-02-09T10:52:53","date_gmt":"2017-02-09T09:52:53","guid":{"rendered":"http:\/\/www.cittadellaeditrice.com\/munera\/?page_id=11569"},"modified":"2017-02-09T11:11:45","modified_gmt":"2017-02-09T10:11:45","slug":"munera-12017-paolo-guerriero-e-jean-luc-marion-uno-sguardo-di-tenerezza","status":"publish","type":"page","link":"https:\/\/www.cittadellaeditrice.com\/munera\/tutti-gli-articoli\/munera-12017-paolo-guerriero-e-jean-luc-marion-uno-sguardo-di-tenerezza\/","title":{"rendered":"Munera 1\/2017 &#8211; Paolo Guerriero e Jean-Luc Marion &gt;&gt; Uno sguardo di tenerezza"},"content":{"rendered":"<p>Nessuna pittura, nemmeno la pi\u00f9 realista, <i>riproduce<\/i> alcunch\u00e9, perch\u00e9 essa sempre <i>produce<\/i>. Ma essa non produce tanto una cosa, ancora meno un oggetto, quanto un effetto. Un effetto nel visibile, o piuttosto \u2013 attraverso il visibile \u2013 nello e sullo spettatore. Questo effetto non mostra qualcosa allo spettatore se non per donargli uno stato d\u2019animo \u2013 un\u2019affezione, una gioia, un dolore, un\u2019intonazione, una passione. In breve, precisamente, uno stato d\u2019animo.<\/p>\n<p>Questo \u00e8 ci\u00f2 che tenta ogni pittore degno di questo nome. Egli tuttavia non vi perviene se non alla condizione che l\u2019effetto a cui egli aspira si ritrovi non turbato da troppe perturbazioni: da intenzioni troppo coscienti, da determinazioni sociali o psicologiche pesanti, da evidenti calcoli da virtuoso, etc. L\u2019effetto si purifica nella misura in cui il pittore dimentica se stesso. Tra le tante posture contemporanee, l\u2019arte povera e l\u2019Art brut puntano a questa ascesi.<\/p>\n<p>Paolo Guerriero ci tocca proprio perch\u00e9 le costrizioni involontarie che pesano sul suo lavoro lo purificano e gli permettono di raggiungere talvolta, se non spesso, un effetto puro, un effetto purificato e purificante, esercitato sul suo spettatore.<\/p>\n<p style=\"text-align: center;\"><a title=\"Acquista\" href=\"javascript:formcompra('1420',1);\"><img alt=\"Acquista l'articolo\" src=\"https:\/\/www.cittadellaeditrice.com\/munera\/wp-content\/uploads\/ico_acquista_digitale.jpg\" width=\"54\" height=\"54\" \/><\/a>\n<br \/><a title=\"Acquista\" href=\"javascript:formcompra('1420','1');\"> per continuare a leggere acquista questo articolo<\/a><\/p><p style=\"text-align:center\"><a href=\"https:\/\/www.cittadellaeditrice.com\/digital\/account\/\">Utente biblioteche abbonate: clicca qui \u00bb<\/a><\/p>","protected":false},"excerpt":{"rendered":"<p>Nessuna pittura, nemmeno la pi\u00f9 realista, riproduce alcunch\u00e9, perch\u00e9 essa sempre produce. Ma essa non produce tanto una cosa, ancora meno un oggetto, quanto un effetto. Un effetto nel visibile, o piuttosto \u2013 attraverso il&#8230;<\/p>\n","protected":false},"author":1,"featured_media":0,"parent":2840,"menu_order":0,"comment_status":"open","ping_status":"closed","template":"","meta":[],"categories":[291,292],"tags":[8],"_links":{"self":[{"href":"https:\/\/www.cittadellaeditrice.com\/munera\/wp-json\/wp\/v2\/pages\/11569"}],"collection":[{"href":"https:\/\/www.cittadellaeditrice.com\/munera\/wp-json\/wp\/v2\/pages"}],"about":[{"href":"https:\/\/www.cittadellaeditrice.com\/munera\/wp-json\/wp\/v2\/types\/page"}],"author":[{"embeddable":true,"href":"https:\/\/www.cittadellaeditrice.com\/munera\/wp-json\/wp\/v2\/users\/1"}],"replies":[{"embeddable":true,"href":"https:\/\/www.cittadellaeditrice.com\/munera\/wp-json\/wp\/v2\/comments?post=11569"}],"version-history":[{"count":2,"href":"https:\/\/www.cittadellaeditrice.com\/munera\/wp-json\/wp\/v2\/pages\/11569\/revisions"}],"predecessor-version":[{"id":11591,"href":"https:\/\/www.cittadellaeditrice.com\/munera\/wp-json\/wp\/v2\/pages\/11569\/revisions\/11591"}],"up":[{"embeddable":true,"href":"https:\/\/www.cittadellaeditrice.com\/munera\/wp-json\/wp\/v2\/pages\/2840"}],"wp:attachment":[{"href":"https:\/\/www.cittadellaeditrice.com\/munera\/wp-json\/wp\/v2\/media?parent=11569"}],"wp:term":[{"taxonomy":"category","embeddable":true,"href":"https:\/\/www.cittadellaeditrice.com\/munera\/wp-json\/wp\/v2\/categories?post=11569"},{"taxonomy":"post_tag","embeddable":true,"href":"https:\/\/www.cittadellaeditrice.com\/munera\/wp-json\/wp\/v2\/tags?post=11569"}],"curies":[{"name":"wp","href":"https:\/\/api.w.org\/{rel}","templated":true}]}}