{"id":11195,"date":"2016-10-26T14:45:46","date_gmt":"2016-10-26T12:45:46","guid":{"rendered":"http:\/\/www.cittadellaeditrice.com\/munera\/?page_id=11195"},"modified":"2016-10-26T14:45:46","modified_gmt":"2016-10-26T12:45:46","slug":"munera-32016-emanuela-sabatini-il-mose-e-aronne-di-schoenberg-nella-messa-in-scena-di-romeo-castellucci","status":"publish","type":"page","link":"https:\/\/www.cittadellaeditrice.com\/munera\/tutti-gli-articoli\/munera-32016-emanuela-sabatini-il-mose-e-aronne-di-schoenberg-nella-messa-in-scena-di-romeo-castellucci\/","title":{"rendered":"Munera 3\/2016 &#8211; Emanuela Sabatini &gt;&gt; Il Mos\u00e8 e Aronne di Sch\u0153nberg nella messa in scena di Romeo Castellucci"},"content":{"rendered":"<p>Vienna 1928. Arnold Sch\u0153nberg inizia a comporre il <i>Mos\u00e8 e Aronne.<\/i> Tra l\u2019inizio della sua scrittura e il desiderio di riprenderne la composizione: la guerra, l\u2019esilio, la <i>shoah<\/i>.<\/p>\n<p>Un Dio assente, che si ritrae, cos\u00ec la tradizione ebraica pensa lo <i>tzimtzum<\/i>, il movimento di allontanamento di Dio, la <i>ritrazione<\/i>, come traduce Scholem. Nel punto di concentrazione non c\u2019\u00e8 una qualche sostanza, bens\u00ec <i>\u2018ain<\/i>, nulla. Di Dio, d\u2019ora in poi, si potr\u00e0 parlare solo <i>in modo obliquo<\/i>, senza referente, senza oggetto, prescindendo dall\u2019essere, pensiero <i>in abisso<\/i>, cos\u00ec Derrida, che pensa a una religione senza religione. La mistica, il pensiero teologico negativo e il discorso apofatico sono l\u2019altro lato dell\u2019ateismo. Per questo non si tratta di un ritorno a un modello di Altro pienamente consistente e neppure di una assicurazione dall\u2019idolatria, o peggio di un tentativo di strumentalizzare la negativit\u00e0 mistica per salvare Dio. Un Dio senza-Nome costringe ora l\u2019uomo a errare senza fine: non c\u2019\u00e8 consolazione nel deserto, e la condizione umana \u00e8 quella di un\u2019insuperabile impotenza, come la chiama Freud, un\u2019umiliazione, come traduce il commentatore medievale della Bibbia Rashi ben Eliezer, quell\u2019abbandono che risuona nel racconto dei Vangeli e ogni volta che il reale fa irruzione nella vita.<\/p>\n<p>Freud e Sch\u0153nberg sono entrambi attratti dalla figura di Mos\u00e8.<b><\/b><\/p>\n<p style=\"text-align: center;\"><a title=\"Acquista\" href=\"javascript:formcompra('679',1);\"><img alt=\"Acquista l'articolo\" src=\"https:\/\/www.cittadellaeditrice.com\/munera\/wp-content\/uploads\/ico_acquista_digitale.jpg\" width=\"54\" height=\"54\" \/><\/a>\n<br \/><a title=\"Acquista\" href=\"javascript:formcompra('679','1');\"> per continuare a leggere acquista questo articolo<\/a><\/p><p style=\"text-align:center\"><a href=\"https:\/\/www.cittadellaeditrice.com\/digital\/account\/\">Utente biblioteche abbonate: clicca qui \u00bb<\/a><\/p>","protected":false},"excerpt":{"rendered":"<p>Vienna 1928. Arnold Sch\u0153nberg inizia a comporre il Mos\u00e8 e Aronne. Tra l\u2019inizio della sua scrittura e il desiderio di riprenderne la composizione: la guerra, l\u2019esilio, la shoah. Un Dio assente, che si ritrae, cos\u00ec&#8230;<\/p>\n","protected":false},"author":1,"featured_media":0,"parent":2840,"menu_order":0,"comment_status":"open","ping_status":"open","template":"","meta":[],"categories":[266],"tags":[267,270,269,268,81],"_links":{"self":[{"href":"https:\/\/www.cittadellaeditrice.com\/munera\/wp-json\/wp\/v2\/pages\/11195"}],"collection":[{"href":"https:\/\/www.cittadellaeditrice.com\/munera\/wp-json\/wp\/v2\/pages"}],"about":[{"href":"https:\/\/www.cittadellaeditrice.com\/munera\/wp-json\/wp\/v2\/types\/page"}],"author":[{"embeddable":true,"href":"https:\/\/www.cittadellaeditrice.com\/munera\/wp-json\/wp\/v2\/users\/1"}],"replies":[{"embeddable":true,"href":"https:\/\/www.cittadellaeditrice.com\/munera\/wp-json\/wp\/v2\/comments?post=11195"}],"version-history":[{"count":1,"href":"https:\/\/www.cittadellaeditrice.com\/munera\/wp-json\/wp\/v2\/pages\/11195\/revisions"}],"predecessor-version":[{"id":11196,"href":"https:\/\/www.cittadellaeditrice.com\/munera\/wp-json\/wp\/v2\/pages\/11195\/revisions\/11196"}],"up":[{"embeddable":true,"href":"https:\/\/www.cittadellaeditrice.com\/munera\/wp-json\/wp\/v2\/pages\/2840"}],"wp:attachment":[{"href":"https:\/\/www.cittadellaeditrice.com\/munera\/wp-json\/wp\/v2\/media?parent=11195"}],"wp:term":[{"taxonomy":"category","embeddable":true,"href":"https:\/\/www.cittadellaeditrice.com\/munera\/wp-json\/wp\/v2\/categories?post=11195"},{"taxonomy":"post_tag","embeddable":true,"href":"https:\/\/www.cittadellaeditrice.com\/munera\/wp-json\/wp\/v2\/tags?post=11195"}],"curies":[{"name":"wp","href":"https:\/\/api.w.org\/{rel}","templated":true}]}}