{"id":11177,"date":"2016-10-26T14:22:04","date_gmt":"2016-10-26T12:22:04","guid":{"rendered":"http:\/\/www.cittadellaeditrice.com\/munera\/?page_id=11177"},"modified":"2016-10-26T14:22:04","modified_gmt":"2016-10-26T12:22:04","slug":"munera-32016-marie-jo-thiel-lunione-europea-e-le-sue-aperture-alla-teologia","status":"publish","type":"page","link":"https:\/\/www.cittadellaeditrice.com\/munera\/tutti-gli-articoli\/munera-32016-marie-jo-thiel-lunione-europea-e-le-sue-aperture-alla-teologia\/","title":{"rendered":"Munera 3\/2016 &#8211; Marie-Jo Thiel &gt;&gt; L\u2019Unione Europea e le sue aperture alla teologia"},"content":{"rendered":"<p>L\u2019Unione Europea si \u00e8 costituita sugli ideali e i valori dei padri fondatori, che essa riattualizza progressivamente attraverso un processo di elaborazione che \u00e8 al contempo politico, giuridico, sociale, etico e filosofico.<\/p>\n<p>In tutto questo le religioni, e in particolare il cristianesimo, svolgono un ruolo significativo. In Francia, Robert Schuman, Jean Monnet, padri fondatori dell\u2019Unione Europea, e Jacques Delors, \u00abcittadino onorario d\u2019Europa\u00bb, sono al contempo rappresentanti eminenti di un cristianesimo sociale le cui parole d\u2019ordine sono solidariet\u00e0, sussidiariet\u00e0, giustizia, dignit\u00e0.<\/p>\n<p>Il 9 maggio 1950, proponendo la creazione di una Comunit\u00e0 europea del carbone e dell\u2019acciaio (CECA), Robert Schuman, ministro francese degli Affari Esteri, intendeva rispondere alla sfida della pace mondiale, alla stessa stregua del suo mentore Jean Monnet. Egli affidava cos\u00ec alla nascente Unione sia un compito economico e produttivo \u2013 \u00abdegli sforzi creativi all\u2019altezza dei pericoli che la minacciano\u00bb \u2013 sia, e lo si dimentica troppo spesso, un compito di edificazione, di solidariet\u00e0, di progresso: \u00abL\u2019Europa non potr\u00e0 farsi in una sola volta, n\u00e9 sar\u00e0 costruita tutta insieme; essa sorger\u00e0 da realizzazioni concrete che creino anzitutto una solidariet\u00e0 di fatto\u00bb.<\/p>\n<p style=\"text-align: center;\"><a title=\"Acquista\" href=\"javascript:formcompra('671',1);\"><img alt=\"Acquista l'articolo\" src=\"https:\/\/www.cittadellaeditrice.com\/munera\/wp-content\/uploads\/ico_acquista_digitale.jpg\" width=\"54\" height=\"54\" \/><\/a>\n<br \/><a title=\"Acquista\" href=\"javascript:formcompra('671','1');\"> per continuare a leggere acquista questo articolo<\/a><\/p><p style=\"text-align:center\"><a href=\"https:\/\/www.cittadellaeditrice.com\/digital\/account\/\">Utente biblioteche abbonate: clicca qui \u00bb<\/a><\/p>","protected":false},"excerpt":{"rendered":"<p>L\u2019Unione Europea si \u00e8 costituita sugli ideali e i valori dei padri fondatori, che essa riattualizza progressivamente attraverso un processo di elaborazione che \u00e8 al contempo politico, giuridico, sociale, etico e filosofico. In tutto questo&#8230;<\/p>\n","protected":false},"author":1,"featured_media":0,"parent":2840,"menu_order":0,"comment_status":"open","ping_status":"open","template":"","meta":[],"categories":[245],"tags":[9,33,14],"_links":{"self":[{"href":"https:\/\/www.cittadellaeditrice.com\/munera\/wp-json\/wp\/v2\/pages\/11177"}],"collection":[{"href":"https:\/\/www.cittadellaeditrice.com\/munera\/wp-json\/wp\/v2\/pages"}],"about":[{"href":"https:\/\/www.cittadellaeditrice.com\/munera\/wp-json\/wp\/v2\/types\/page"}],"author":[{"embeddable":true,"href":"https:\/\/www.cittadellaeditrice.com\/munera\/wp-json\/wp\/v2\/users\/1"}],"replies":[{"embeddable":true,"href":"https:\/\/www.cittadellaeditrice.com\/munera\/wp-json\/wp\/v2\/comments?post=11177"}],"version-history":[{"count":2,"href":"https:\/\/www.cittadellaeditrice.com\/munera\/wp-json\/wp\/v2\/pages\/11177\/revisions"}],"predecessor-version":[{"id":11179,"href":"https:\/\/www.cittadellaeditrice.com\/munera\/wp-json\/wp\/v2\/pages\/11177\/revisions\/11179"}],"up":[{"embeddable":true,"href":"https:\/\/www.cittadellaeditrice.com\/munera\/wp-json\/wp\/v2\/pages\/2840"}],"wp:attachment":[{"href":"https:\/\/www.cittadellaeditrice.com\/munera\/wp-json\/wp\/v2\/media?parent=11177"}],"wp:term":[{"taxonomy":"category","embeddable":true,"href":"https:\/\/www.cittadellaeditrice.com\/munera\/wp-json\/wp\/v2\/categories?post=11177"},{"taxonomy":"post_tag","embeddable":true,"href":"https:\/\/www.cittadellaeditrice.com\/munera\/wp-json\/wp\/v2\/tags?post=11177"}],"curies":[{"name":"wp","href":"https:\/\/api.w.org\/{rel}","templated":true}]}}