{"id":10630,"date":"2016-05-12T12:21:28","date_gmt":"2016-05-12T10:21:28","guid":{"rendered":"http:\/\/www.cittadellaeditrice.com\/munera\/?page_id=10630"},"modified":"2016-05-12T12:21:28","modified_gmt":"2016-05-12T10:21:28","slug":"munera-22016-sara-mazzucchelli-e-anna-scisci-uguaglianze-diseguaglianze-e-discriminazioni-di-genere-quali-sfide-in-italia","status":"publish","type":"page","link":"https:\/\/www.cittadellaeditrice.com\/munera\/tutti-gli-articoli\/munera-22016-sara-mazzucchelli-e-anna-scisci-uguaglianze-diseguaglianze-e-discriminazioni-di-genere-quali-sfide-in-italia\/","title":{"rendered":"Munera 2\/2016 &#8211; Sara Mazzucchelli e Anna Scisci &gt;&gt; Uguaglianze, diseguaglianze e discriminazioni di genere. Quali sfide in Italia?"},"content":{"rendered":"<p>In questo contributo intendiamo mettere in luce i principali ambiti sociali e familiari caratterizzati nel nostro paese da condizioni di uguaglianza\/parit\u00e0 tra uomini e donne, servendoci anche dei risultati di recenti indagini.<\/p>\n<p>In via preliminare riteniamo essenziale chiarire che il concetto di uguaglianza non sta a indicare, a nostro avviso, un semplice annullamento delle differenze in vista del raggiungimento di una parit\u00e0 formale tra i generi, ma implica la valorizzazione delle diversit\u00e0, nel riconoscimento della comune dignit\u00e0 umana, maschile e femminile.<\/p>\n<p>I principali aspetti riguardo ai quali l\u2019osservazione empirica ha fatto e fa ancora emergere disparita\u0300 nella condizione di uomini e donne possono essere individuati nell\u2019istruzione (in particolare nei livelli superiore e universitario), nella dimensione lavorativa (sia per quanto riguarda l\u2019inserimento sia per quanto riguarda la permanenza nel mondo del lavoro) e nella vita familiare.<\/p>\n<p style=\"text-align: center;\"><a title=\"Acquista\" href=\"javascript:formcompra('605',1);\"><img alt=\"Acquista l'articolo\" src=\"https:\/\/www.cittadellaeditrice.com\/munera\/wp-content\/uploads\/ico_acquista_digitale.jpg\" width=\"54\" height=\"54\" \/><\/a>\n<br \/><a title=\"Acquista\" href=\"javascript:formcompra('605','1');\"> per continuare a leggere acquista questo articolo<\/a><\/p><p style=\"text-align:center\"><a href=\"https:\/\/www.cittadellaeditrice.com\/digital\/account\/\">Utente biblioteche abbonate: clicca qui \u00bb<\/a><\/p>","protected":false},"excerpt":{"rendered":"<p>In questo contributo intendiamo mettere in luce i principali ambiti sociali e familiari caratterizzati nel nostro paese da condizioni di uguaglianza\/parit\u00e0 tra uomini e donne, servendoci anche dei risultati di recenti indagini. In via preliminare&#8230;<\/p>\n","protected":false},"author":1,"featured_media":0,"parent":2840,"menu_order":0,"comment_status":"open","ping_status":"open","template":"","meta":[],"categories":[203,147],"tags":[176,17,120,25,202],"_links":{"self":[{"href":"https:\/\/www.cittadellaeditrice.com\/munera\/wp-json\/wp\/v2\/pages\/10630"}],"collection":[{"href":"https:\/\/www.cittadellaeditrice.com\/munera\/wp-json\/wp\/v2\/pages"}],"about":[{"href":"https:\/\/www.cittadellaeditrice.com\/munera\/wp-json\/wp\/v2\/types\/page"}],"author":[{"embeddable":true,"href":"https:\/\/www.cittadellaeditrice.com\/munera\/wp-json\/wp\/v2\/users\/1"}],"replies":[{"embeddable":true,"href":"https:\/\/www.cittadellaeditrice.com\/munera\/wp-json\/wp\/v2\/comments?post=10630"}],"version-history":[{"count":1,"href":"https:\/\/www.cittadellaeditrice.com\/munera\/wp-json\/wp\/v2\/pages\/10630\/revisions"}],"predecessor-version":[{"id":10631,"href":"https:\/\/www.cittadellaeditrice.com\/munera\/wp-json\/wp\/v2\/pages\/10630\/revisions\/10631"}],"up":[{"embeddable":true,"href":"https:\/\/www.cittadellaeditrice.com\/munera\/wp-json\/wp\/v2\/pages\/2840"}],"wp:attachment":[{"href":"https:\/\/www.cittadellaeditrice.com\/munera\/wp-json\/wp\/v2\/media?parent=10630"}],"wp:term":[{"taxonomy":"category","embeddable":true,"href":"https:\/\/www.cittadellaeditrice.com\/munera\/wp-json\/wp\/v2\/categories?post=10630"},{"taxonomy":"post_tag","embeddable":true,"href":"https:\/\/www.cittadellaeditrice.com\/munera\/wp-json\/wp\/v2\/tags?post=10630"}],"curies":[{"name":"wp","href":"https:\/\/api.w.org\/{rel}","templated":true}]}}