{"id":10255,"date":"2016-02-15T20:41:27","date_gmt":"2016-02-15T19:41:27","guid":{"rendered":"http:\/\/www.cittadellaeditrice.com\/munera\/?page_id=10255"},"modified":"2016-02-15T20:41:27","modified_gmt":"2016-02-15T19:41:27","slug":"munera-12016-segnalibro","status":"publish","type":"page","link":"https:\/\/www.cittadellaeditrice.com\/munera\/tutti-gli-articoli\/munera-12016-segnalibro\/","title":{"rendered":"Munera 1\/2016 \u2013 Segnalibro"},"content":{"rendered":"<p>Ch. Chalamet, <i>Th\u00e9ologies dialectiques. Aux origines d&#8217;une r\u00e9volution intellectuelle,<\/i> Labor et Fides, Gen\u00e8ve 2015, 338 pp. (A. Grillo)<\/p>\n<p>G. Bertagna \u2013 A. Ceretti \u2013 C. Mazzucato, <i>Il libro dell\u2019incontro. Vittime e responsabili della lotta armata a confronto<\/i>, Il Saggiatore, Milano 2015, 466 pp. (S. Biancu)<\/p>\n<p>M. Buber, <i>La parola che viene detta<\/i>, tr. it. di Nunzio Bombaci, a cura di Daniele Vinci, PFTS University Press, Cagliari 2015, 100 pp. (A. Oppo)<\/p>\n<p>L. Vantini, <i>L\u2019ateismo mistico di Julia Kristeva<\/i>, Mimesis, Sesto San Giovanni 2015, 254 pp. (S. Castelli Quaglierini)<\/p>\n<p>E. M Cioran, <i>Ineffabile nostalgia. Lettere al fratello (1931-1985)<\/i>, a cura di M. Carloni e H. Corneliu Cicorta\u0219, Archinto, Milano 2015, 140 pp. (D. Rocchi)<\/p>\n<p style=\"text-align: center;\"><a href=\"http:\/\/www.cittadellaeditrice.com\/munera\/wp-content\/uploads\/munera_1-2016_Segnalibro.pdf\" target=\"_blank\"><img decoding=\"async\" loading=\"lazy\" class=\"aligncenter\" alt=\"Scarica l'articolo gratuitamente\" src=\"http:\/\/www.cittadellaeditrice.com\/munera\/wp-content\/uploads\/ico_acquista_abbdigitale.jpg\" width=\"54\" height=\"54\" \/>per continuare a leggere scarica questo articolo gratuitamente<\/a><\/p>\n","protected":false},"excerpt":{"rendered":"<p>Ch. Chalamet, Th\u00e9ologies dialectiques. Aux origines d&#8217;une r\u00e9volution intellectuelle, Labor et Fides, Gen\u00e8ve 2015, 338 pp. (A. Grillo) G. Bertagna \u2013 A. Ceretti \u2013 C. Mazzucato, Il libro dell\u2019incontro. Vittime e responsabili della lotta armata&#8230;<\/p>\n","protected":false},"author":2,"featured_media":0,"parent":2840,"menu_order":0,"comment_status":"open","ping_status":"open","template":"","meta":[],"categories":[],"tags":[47],"_links":{"self":[{"href":"https:\/\/www.cittadellaeditrice.com\/munera\/wp-json\/wp\/v2\/pages\/10255"}],"collection":[{"href":"https:\/\/www.cittadellaeditrice.com\/munera\/wp-json\/wp\/v2\/pages"}],"about":[{"href":"https:\/\/www.cittadellaeditrice.com\/munera\/wp-json\/wp\/v2\/types\/page"}],"author":[{"embeddable":true,"href":"https:\/\/www.cittadellaeditrice.com\/munera\/wp-json\/wp\/v2\/users\/2"}],"replies":[{"embeddable":true,"href":"https:\/\/www.cittadellaeditrice.com\/munera\/wp-json\/wp\/v2\/comments?post=10255"}],"version-history":[{"count":1,"href":"https:\/\/www.cittadellaeditrice.com\/munera\/wp-json\/wp\/v2\/pages\/10255\/revisions"}],"predecessor-version":[{"id":10257,"href":"https:\/\/www.cittadellaeditrice.com\/munera\/wp-json\/wp\/v2\/pages\/10255\/revisions\/10257"}],"up":[{"embeddable":true,"href":"https:\/\/www.cittadellaeditrice.com\/munera\/wp-json\/wp\/v2\/pages\/2840"}],"wp:attachment":[{"href":"https:\/\/www.cittadellaeditrice.com\/munera\/wp-json\/wp\/v2\/media?parent=10255"}],"wp:term":[{"taxonomy":"category","embeddable":true,"href":"https:\/\/www.cittadellaeditrice.com\/munera\/wp-json\/wp\/v2\/categories?post=10255"},{"taxonomy":"post_tag","embeddable":true,"href":"https:\/\/www.cittadellaeditrice.com\/munera\/wp-json\/wp\/v2\/tags?post=10255"}],"curies":[{"name":"wp","href":"https:\/\/api.w.org\/{rel}","templated":true}]}}