{"id":10249,"date":"2016-02-15T20:35:42","date_gmt":"2016-02-15T19:35:42","guid":{"rendered":"http:\/\/www.cittadellaeditrice.com\/munera\/?page_id=10249"},"modified":"2016-02-15T20:35:42","modified_gmt":"2016-02-15T19:35:42","slug":"munera-12016-eraldo-tognocchi-se-non-ritornerete-lo-sguardo-del-cristiano-secondo-il-vangelo","status":"publish","type":"page","link":"https:\/\/www.cittadellaeditrice.com\/munera\/tutti-gli-articoli\/munera-12016-eraldo-tognocchi-se-non-ritornerete-lo-sguardo-del-cristiano-secondo-il-vangelo\/","title":{"rendered":"Munera 1\/2016 &#8211; Eraldo Tognocchi &gt;&gt; &#8220;Se non ritornerete&#8221;. Lo sguardo del cristiano secondo il Vangelo"},"content":{"rendered":"<p>La vita di fede trova un suo equivalente in un atteggiamento che pu\u00f2 essere riconosciuto e riscontrato nella vita del bambino. Tra le consistenze della felicit\u00e0 del bambino e quelle della felicit\u00e0 del credente vi \u00e8 infatti una profonda analogia. Ges\u00f9 stesso \u2013 in occasione di un viaggio attraverso la Palestina, forse in un villaggio della Giudea \u2013 diffonde nei suoi discepoli questa convinzione: non si pu\u00f2 accogliere il regno di Dio se non adottando un atteggiamento da piccoli, da bambini.<\/p>\n<p>I bambini ritengono assurda una vita che sia prodotta dalle loro stesse fatiche. Ai loro occhi \u00e8 invece normale una vita felice, piena, serena, che sia frutto della fatica dei genitori: sono i genitori che faticano, cercano, pensano, e che sono felici di vedere felice il loro bambino.<\/p>\n<p>Il bambino non ha complessi di inferiorit\u00e0, non ha sensi di colpa, sa prendere tutto ci\u00f2 che i genitori gli procurano. Non per niente la sua vita \u2013 come quella di tutti gli esseri umani \u2013 \u00e8 nata senza un suo concorso: nove mesi nel bacino morbido, caldo, cullante, di una madre che si prepara a sostenerlo nella luce, nella vita; e poi la nascita, una grande festa. \u00c8 la continuit\u00e0 di un ricevere senza dare nient\u2019altro che la propria contentezza.<\/p>\n<p>La prima occupazione del bambino \u00e8 quella di mangiare, di sorridere, di prendere tutto in funzione della sua gratificazione, della sua soddisfazione, del suo piacere, scoprendo per\u00f2 che questo piacere \u00e8 anche il piacere dei genitori, del pap\u00e0 e della mamma. \u00c8 una misteriosa concertazione: di essa Ges\u00f9 dice che somiglia da vicino a ci\u00f2 che succede tra Lui e noi.<\/p>\n<p style=\"text-align: center;\">\n<p style=\"text-align: center;\"><a title=\"Acquista\" href=\"javascript:formcompra('519',1);\"><img alt=\"Acquista l'articolo\" src=\"https:\/\/www.cittadellaeditrice.com\/munera\/wp-content\/uploads\/ico_acquista_digitale.jpg\" width=\"54\" height=\"54\" \/><\/a>\n<br \/><a title=\"Acquista\" href=\"javascript:formcompra('519','1');\"> per continuare a leggere acquista questo articolo<\/a><\/p><p style=\"text-align:center\"><a href=\"https:\/\/www.cittadellaeditrice.com\/digital\/account\/\">Utente biblioteche abbonate: clicca qui \u00bb<\/a><\/p>","protected":false},"excerpt":{"rendered":"<p>La vita di fede trova un suo equivalente in un atteggiamento che pu\u00f2 essere riconosciuto e riscontrato nella vita del bambino. Tra le consistenze della felicit\u00e0 del bambino e quelle della felicit\u00e0 del credente vi&#8230;<\/p>\n","protected":false},"author":2,"featured_media":0,"parent":2840,"menu_order":0,"comment_status":"open","ping_status":"open","template":"","meta":[],"categories":[186],"tags":[13,12,187,14],"_links":{"self":[{"href":"https:\/\/www.cittadellaeditrice.com\/munera\/wp-json\/wp\/v2\/pages\/10249"}],"collection":[{"href":"https:\/\/www.cittadellaeditrice.com\/munera\/wp-json\/wp\/v2\/pages"}],"about":[{"href":"https:\/\/www.cittadellaeditrice.com\/munera\/wp-json\/wp\/v2\/types\/page"}],"author":[{"embeddable":true,"href":"https:\/\/www.cittadellaeditrice.com\/munera\/wp-json\/wp\/v2\/users\/2"}],"replies":[{"embeddable":true,"href":"https:\/\/www.cittadellaeditrice.com\/munera\/wp-json\/wp\/v2\/comments?post=10249"}],"version-history":[{"count":2,"href":"https:\/\/www.cittadellaeditrice.com\/munera\/wp-json\/wp\/v2\/pages\/10249\/revisions"}],"predecessor-version":[{"id":10266,"href":"https:\/\/www.cittadellaeditrice.com\/munera\/wp-json\/wp\/v2\/pages\/10249\/revisions\/10266"}],"up":[{"embeddable":true,"href":"https:\/\/www.cittadellaeditrice.com\/munera\/wp-json\/wp\/v2\/pages\/2840"}],"wp:attachment":[{"href":"https:\/\/www.cittadellaeditrice.com\/munera\/wp-json\/wp\/v2\/media?parent=10249"}],"wp:term":[{"taxonomy":"category","embeddable":true,"href":"https:\/\/www.cittadellaeditrice.com\/munera\/wp-json\/wp\/v2\/categories?post=10249"},{"taxonomy":"post_tag","embeddable":true,"href":"https:\/\/www.cittadellaeditrice.com\/munera\/wp-json\/wp\/v2\/tags?post=10249"}],"curies":[{"name":"wp","href":"https:\/\/api.w.org\/{rel}","templated":true}]}}