{"id":10238,"date":"2016-02-15T20:21:59","date_gmt":"2016-02-15T19:21:59","guid":{"rendered":"http:\/\/www.cittadellaeditrice.com\/munera\/?page_id=10238"},"modified":"2016-02-15T20:24:45","modified_gmt":"2016-02-15T19:24:45","slug":"munera-12016-giovanna-salvioni-i-rom-parliamone","status":"publish","type":"page","link":"https:\/\/www.cittadellaeditrice.com\/munera\/tutti-gli-articoli\/munera-12016-giovanna-salvioni-i-rom-parliamone\/","title":{"rendered":"Munera 1\/2016 &#8211; Giovanna Salvioni &gt;&gt; I Rom. Parliamone"},"content":{"rendered":"<p>Oggi si parla dei Rom soprattutto sotto il profilo della criminalit\u00e0, identificandoli non come popolo, ma come frangia di marginali dediti ad attivit\u00e0 illegali e delittuose. Per tale motivo \u00e8 giusto spiegarne origini, concezione di vita, sorti, fatiche, soprusi di cui sono stati vittime e fare chiarezza su un punto sovente strumentalizzato, ossia il nomadismo. Sono o non sono nomadi? Ma soprattutto, che cos\u2019\u00e8 veramente il nomadismo?<\/p>\n<p>Nei dibattiti si sente dire spesso, in genere da politici: \u00abSono nomadi, vadano! Viaggino e non si fermino in nessun luogo\u00bb. Bisogna sapere, per\u00f2, che ogni nomadismo, anche quello dei grandi nomadi sahariani, come per esempio i Tuaregh, non \u00e8 un vagare perenne, senza meta, ma consiste in un circuito chiuso, da una sede stabile alla stessa sede, attraverso un viaggio a tappe. Il nomade non \u00e8 un errante, ma qualcuno che ha relazioni e svolge commerci periodici in ambiti ben conosciuti. I Rom, da questo punto di vista, non sono nemmeno accostabili ai grandi nomadi sia africani sia asiatici, ma piuttosto, con grande probabilit\u00e0, a un tipo particolare di nomadismo che illustreremo qui di seguito.<\/p>\n<p style=\"text-align: center;\">\n<p style=\"text-align: center;\"><a title=\"Acquista\" href=\"javascript:formcompra('515',1);\"><img alt=\"Acquista l'articolo\" src=\"https:\/\/www.cittadellaeditrice.com\/munera\/wp-content\/uploads\/ico_acquista_digitale.jpg\" width=\"54\" height=\"54\" \/><\/a>\n<br \/><a title=\"Acquista\" href=\"javascript:formcompra('515','1');\"> per continuare a leggere acquista questo articolo<\/a><\/p><p style=\"text-align:center\"><a href=\"https:\/\/www.cittadellaeditrice.com\/digital\/account\/\">Utente biblioteche abbonate: clicca qui \u00bb<\/a><\/p>","protected":false},"excerpt":{"rendered":"<p>Oggi si parla dei Rom soprattutto sotto il profilo della criminalit\u00e0, identificandoli non come popolo, ma come frangia di marginali dediti ad attivit\u00e0 illegali e delittuose. Per tale motivo \u00e8 giusto spiegarne origini, concezione di&#8230;<\/p>\n","protected":false},"author":2,"featured_media":0,"parent":2840,"menu_order":0,"comment_status":"open","ping_status":"open","template":"","meta":[],"categories":[180],"tags":[5,179],"_links":{"self":[{"href":"https:\/\/www.cittadellaeditrice.com\/munera\/wp-json\/wp\/v2\/pages\/10238"}],"collection":[{"href":"https:\/\/www.cittadellaeditrice.com\/munera\/wp-json\/wp\/v2\/pages"}],"about":[{"href":"https:\/\/www.cittadellaeditrice.com\/munera\/wp-json\/wp\/v2\/types\/page"}],"author":[{"embeddable":true,"href":"https:\/\/www.cittadellaeditrice.com\/munera\/wp-json\/wp\/v2\/users\/2"}],"replies":[{"embeddable":true,"href":"https:\/\/www.cittadellaeditrice.com\/munera\/wp-json\/wp\/v2\/comments?post=10238"}],"version-history":[{"count":2,"href":"https:\/\/www.cittadellaeditrice.com\/munera\/wp-json\/wp\/v2\/pages\/10238\/revisions"}],"predecessor-version":[{"id":10240,"href":"https:\/\/www.cittadellaeditrice.com\/munera\/wp-json\/wp\/v2\/pages\/10238\/revisions\/10240"}],"up":[{"embeddable":true,"href":"https:\/\/www.cittadellaeditrice.com\/munera\/wp-json\/wp\/v2\/pages\/2840"}],"wp:attachment":[{"href":"https:\/\/www.cittadellaeditrice.com\/munera\/wp-json\/wp\/v2\/media?parent=10238"}],"wp:term":[{"taxonomy":"category","embeddable":true,"href":"https:\/\/www.cittadellaeditrice.com\/munera\/wp-json\/wp\/v2\/categories?post=10238"},{"taxonomy":"post_tag","embeddable":true,"href":"https:\/\/www.cittadellaeditrice.com\/munera\/wp-json\/wp\/v2\/tags?post=10238"}],"curies":[{"name":"wp","href":"https:\/\/api.w.org\/{rel}","templated":true}]}}