{"id":10227,"date":"2016-02-15T19:46:57","date_gmt":"2016-02-15T18:46:57","guid":{"rendered":"http:\/\/www.cittadellaeditrice.com\/munera\/?page_id=10227"},"modified":"2016-02-15T20:42:26","modified_gmt":"2016-02-15T19:42:26","slug":"munera-12016-editoriale","status":"publish","type":"page","link":"https:\/\/www.cittadellaeditrice.com\/munera\/tutti-gli-articoli\/munera-12016-editoriale\/","title":{"rendered":"Munera 1\/2016 &#8211; Editoriale"},"content":{"rendered":"<p>La storia di Bibihal Uzbeki, la migrante afghana di 105 anni che sogna un futuro migliore in Europa, e che il figlio e il nipote si sono caricati in spalla durante il lungo e faticoso viaggio,<a title=\"\" href=\"#_ftn1\">[1]<\/a> \u00e8 una storia incredibile che ci fa tornare a credere nell\u2019umanit\u00e0.<\/p>\n<p>Niente in questa lunga vicenda dei migranti, che ha tutte le caratteristiche di una tragedia appena iniziata, ci sembra umano. Non le condizioni di miseria, di guerra, di violenza, di oppressione, da cui queste persone scappano. Non gli interessi di chi si prende \u201ccura\u201d dei loro spostamenti: organizzazioni criminali senza scrupoli che sfruttano i sogni e i risparmi di persone senza pi\u00f9 alternative e che li abbandonano spesso a un destino atroce. Non l\u2019\u201caccoglienza\u201d dei Paesi europei, che hanno eretto contro questa enorme massa di disgraziati, inermi e indifesi, muri e barriere degni dei pi\u00f9 potenti eserciti. Non le parole che sono risuonate nei pi\u00f9 influenti contesti pubblici \u2013 politici, economici e intellettuali \u2013 dell\u2019Europa: un\u2019Europa ricca e potente che una massa di poveri inermi e indifesi ha fatto vacillare fin nelle sue fondamenta.<\/p>\n<p>In tutta questa vicenda, la storia di Bibihal Uzbeki ci restituisce fiducia nell\u2019umanit\u00e0: nella sua capacit\u00e0 di sperare, di amare, di includere, di mettere le relazioni al primo posto.<\/p>\n<p>Bibihal non si \u00e8 sentita troppo vecchia per intraprendere il suo lungo viaggio: anche un solo giorno nella sua nuova vita avrebbe valso la fatica.<\/p>\n<p>Non sapremmo dire di preciso che cosa sia la speranza: essa \u00e8 terrestre e celeste al contempo, sappiamo che \u00e8 iscritta nelle nostre stesse carni, eppure ci giunge e ci sorprende sempre dall\u2019esterno. Ma sappiamo per certo che la storia di Bibihal \u00e8 in s\u00e9 speranza: \u00e8 la testimonianza, umile e sconvolgente, di chi non ha paura di cominciare e sempre di nuovo ricominciare: di chi calcola in modo differente, di chi non si chiede se ne vale la pena, di chi sa che ne vale comunque la pena.<\/p>\n<p>Non hanno ritenuto che fosse troppo vecchia, Bibihal, i suoi parenti. Non hanno ritenuto che il peso del suo corpo di ultracentenaria avrebbe inutilmente appesantito un viaggio gi\u00e0 pesantissimo. No, Bibihal \u00e8 apparsa un carico leggero, un \u201cdulce pondus\u201d che avrebbe reso pi\u00f9 leggero il viaggio di tutti. Ci si salva tutti insieme o si \u00e8 tutti perduti: anche solo per un giorno.<\/p>\n<p>In un\u2019epoca che valuta il valore delle persone per l\u2019efficienza, le performance, i rendimenti di cui queste sono capaci, la storia di Bibihal ci sconvolge e ci riconcilia con la nostra umanit\u00e0. Nel tempo dei muri, delle barriere, delle discariche umane, delle paure e del \u201csi salvi chi pu\u00f2\u201d, la famiglia umana scopre di essere la famiglia di Bibihal. E si riscopre, cos\u00ec, umana.<\/p>\n<p align=\"center\">\u00a0***<\/p>\n<p>Davide Zordan, il nostro amico Davide, ci ha lasciati il 25 ottobre scorso. Nato a Brescia il 24 maggio 1968, Davide ci ha lasciati troppo presto, vinto da una malattia che ha affrontato con determinazione e con straordinaria serenit\u00e0. Alla moglie Lucilla e al piccolo Federico esprimiamo tutto il nostro affetto e la nostra vicinanza. A Federico vogliamo dire che suo pap\u00e0, della cui presenza ha potuto godere per un tempo troppo breve, \u00e8 stato una persona straordinaria, per intelligenza e per umanit\u00e0: un genio umile, se cos\u00ec possiamo dire.<\/p>\n<p>Davide ha tenuto per \u00abMunera\u00bb la rubrica <i>Fotogrammi,<\/i> di recensioni cinematografiche, per due anni, dal 2013 fino a quando la malattia gli ha permesso di scrivere. Era contento di questo spazio e noi siamo stati contenti e orgogliosi di ospitare le sue recensioni, sempre intelligenti, fini e ben fatte.<\/p>\n<p>Nella vita, Davide, che aveva conseguito il dottorato di ricerca a Bruxelles, era ricercatore e docente di Teologia fondamentale presso il Centro per le Scienze Religiose di Trento. Aveva studiato a fondo il pensiero di Louis Bouyer, diventando in materia un\u2019autorit\u00e0 mondiale. Era poi passato a occuparsi di teologia estetica e di estetica teologica, approfondendo il ruolo dell\u2019immaginazione nella vita di fede e l\u2019esperienza mistica. A questi suoi interessi teologici aveva affiancato una forte passione per il cinema, fino a integrare gli uni e l\u2019altra, mettendo il cinema a servizio dell\u2019intelligenza teologica e le grandi questioni della teologia a servizio di una pi\u00f9 profonda comprensione della settima arte.<\/p>\n<p>Direttore degli \u00abAnnali di Studi Religiosi\u00bb e caporedattore della rivista \u00abCabiria. Studi di cinema\u00bb, Davide era inoltre membro della redazione di \u00abStudia Patavina\u00bb, presidente del <i>Religion Today FilmFestival<\/i> di Trento e membro di varie giurie di festival cinematografici internazionali.<\/p>\n<p>Lo ricordiamo con riconoscenza e affetto, mentre invitiamo i nostri lettori a rileggere le sue recensioni cinematografiche al seguente indirizzo: muneraonline.eu\/davide-zordan.<\/p>\n<p style=\"text-align: right;\">\u00a0<i>La Redazione di\u00a0Munera<\/i><\/p>\n<div>\n<p>&nbsp;<\/p>\n<hr align=\"left\" size=\"1\" width=\"33%\" \/>\n<div>\n<p><a title=\"\" href=\"#_ftnref\">[1]<\/a> http:\/\/www.corriere.it\/esteri\/15_ottobre_27\/bibihal-uzbeki-migrante-afghana-105-anni-che-sogna-vita-migliore-svezia-deb1c36e-7ce8-11e5-8cf1-fb04904353d9.shtml<\/p>\n<\/div>\n<\/div>\n<p style=\"text-align: center;\"><a href=\"http:\/\/www.cittadellaeditrice.com\/munera\/wp-content\/uploads\/munera_1-2016_prime-pagine.pdf\" target=\"_blank\"><img decoding=\"async\" loading=\"lazy\" class=\"aligncenter\" alt=\"Scarica l'articolo gratuitamente\" src=\"http:\/\/www.cittadellaeditrice.com\/munera\/wp-content\/uploads\/ico_acquista_abbdigitale.jpg\" width=\"54\" height=\"54\" \/>per continuare a leggere scarica questo articolo gratuitamente<\/a><\/p>\n","protected":false},"excerpt":{"rendered":"<p>La storia di Bibihal Uzbeki, la migrante afghana di 105 anni che sogna un futuro migliore in Europa, e che il figlio e il nipote si sono caricati in spalla durante il lungo e faticoso&#8230;<\/p>\n","protected":false},"author":2,"featured_media":0,"parent":2840,"menu_order":0,"comment_status":"open","ping_status":"closed","template":"","meta":[],"categories":[],"tags":[5,178],"_links":{"self":[{"href":"https:\/\/www.cittadellaeditrice.com\/munera\/wp-json\/wp\/v2\/pages\/10227"}],"collection":[{"href":"https:\/\/www.cittadellaeditrice.com\/munera\/wp-json\/wp\/v2\/pages"}],"about":[{"href":"https:\/\/www.cittadellaeditrice.com\/munera\/wp-json\/wp\/v2\/types\/page"}],"author":[{"embeddable":true,"href":"https:\/\/www.cittadellaeditrice.com\/munera\/wp-json\/wp\/v2\/users\/2"}],"replies":[{"embeddable":true,"href":"https:\/\/www.cittadellaeditrice.com\/munera\/wp-json\/wp\/v2\/comments?post=10227"}],"version-history":[{"count":2,"href":"https:\/\/www.cittadellaeditrice.com\/munera\/wp-json\/wp\/v2\/pages\/10227\/revisions"}],"predecessor-version":[{"id":10231,"href":"https:\/\/www.cittadellaeditrice.com\/munera\/wp-json\/wp\/v2\/pages\/10227\/revisions\/10231"}],"up":[{"embeddable":true,"href":"https:\/\/www.cittadellaeditrice.com\/munera\/wp-json\/wp\/v2\/pages\/2840"}],"wp:attachment":[{"href":"https:\/\/www.cittadellaeditrice.com\/munera\/wp-json\/wp\/v2\/media?parent=10227"}],"wp:term":[{"taxonomy":"category","embeddable":true,"href":"https:\/\/www.cittadellaeditrice.com\/munera\/wp-json\/wp\/v2\/categories?post=10227"},{"taxonomy":"post_tag","embeddable":true,"href":"https:\/\/www.cittadellaeditrice.com\/munera\/wp-json\/wp\/v2\/tags?post=10227"}],"curies":[{"name":"wp","href":"https:\/\/api.w.org\/{rel}","templated":true}]}}